{"id":1023,"date":"2022-10-06T11:03:58","date_gmt":"2022-10-06T09:03:58","guid":{"rendered":"https:\/\/dev.sayyestopyro.com\/bewegung\/"},"modified":"2022-11-17T02:13:01","modified_gmt":"2022-11-17T01:13:01","slug":"bewegung","status":"publish","type":"page","link":"https:\/\/sayyestopyro.com\/de\/bewegung\/","title":{"rendered":"Bewegung"},"content":{"rendered":"\n\n\t<section class=\"section dark\" id=\"section_570731262\">\n\t\t<div class=\"section-bg fill\" >\n\t\t\t<img loading=\"lazy\" decoding=\"async\" width=\"1707\" height=\"2560\" src=\"https:\/\/sayyestopyro.com\/wp-content\/uploads\/2022\/09\/Zdjecie-06.12.2020-14-21-34-scaled.jpg\" class=\"bg attachment-original size-original\" alt=\"\" \/>\t\t\t\t\t\t<div class=\"section-bg-overlay absolute fill\"><\/div>\n\t\t\t\n\n\t\t<\/div>\n\n\t\t\n\n\t\t<div class=\"section-content relative\">\n\t\t\t\n\n<div class=\"row\" style=\"max-width:1300px\" id=\"row-1980707221\">\n\n\n\t<div id=\"col-1534553499\" class=\"col medium-8 small-12 large-6\"  >\n\t\t\t\t<div class=\"col-inner\"  >\n\t\t\t\n\t\t\t\n\n\t<div id=\"gap-2069057180\" class=\"gap-element clearfix\" style=\"display:block; height:auto;\">\n\t\t\n<style>\n#gap-2069057180 {\n  padding-top: 30px;\n}\n<\/style>\n\t<\/div>\n\t\n\n<div class=\"is-divider divider clearfix\" style=\"max-width:100px;height:4px;background-color:rgb(253, 111, 94);\"><\/div>\n\n\t<div id=\"text-1289099094\" class=\"text\">\n\t\t\n\n<h1 class=\"uppercase\">Bewegung<\/h1>\n\n\t\t\n<style>\n#text-1289099094 {\n  font-size: 2.25rem;\n}\n@media (min-width:550px) {\n  #text-1289099094 {\n    font-size: 3rem;\n  }\n}\n<\/style>\n\t<\/div>\n\t\n\n\t\t<\/div>\n\t\t\t\t\t<\/div>\n\n\t\n\n<\/div>\n\n\t\t<\/div>\n\n\t\t\n<style>\n#section_570731262 {\n  padding-top: 30px;\n  padding-bottom: 30px;\n  min-height: 350px;\n}\n#section_570731262 .section-bg-overlay {\n  background-color: rgba(0, 0, 0, 0.6);\n}\n#section_570731262 .section-bg img {\n  object-position: 46% 17%;\n}\n@media (min-width:550px) {\n  #section_570731262 {\n    min-height: 450px;\n  }\n}\n<\/style>\n\t<\/section>\n\t\n\n\t<section class=\"section dark\" id=\"section_705579883\">\n\t\t<div class=\"section-bg fill\" >\n\t\t\t\t\t\t\t\t\t\n\t\t\t\n\n\t\t<\/div>\n\n\t\t\n\n\t\t<div class=\"section-content relative\">\n\t\t\t\n\n\t<div id=\"gap-155571261\" class=\"gap-element clearfix\" style=\"display:block; height:auto;\">\n\t\t\n<style>\n#gap-155571261 {\n  padding-top: 30px;\n}\n<\/style>\n\t<\/div>\n\t\n\n<div class=\"text-center\"><div class=\"is-divider divider clearfix\" style=\"max-width:100px;height:4px;background-color:rgb(253, 111, 94);\"><\/div><\/div>\n\n<div class=\"row align-center\" style=\"max-width:1300px\" id=\"row-1190326356\">\n\n\n\t<div id=\"col-1015318451\" class=\"col medium-9 small-12 large-6\"  >\n\t\t\t\t<div class=\"col-inner\"  >\n\t\t\t\n\t\t\t\n\n\t<div id=\"text-3134017245\" class=\"text\">\n\t\t\n\n<h2 class=\"uppercase\">was eigentlich #SAYYESTOPYRO ist ?<\/h2>\n\n\t\t\n<style>\n#text-3134017245 {\n  font-size: 1.75rem;\n  text-align: center;\n}\n<\/style>\n\t<\/div>\n\t\n<p class=\"lead\">Ihr denkt wahrscheinlich, was eigentlich #SAYYESTOPYRO ist? Und warum sind wir eine Bewegung? Nun\u2026 Denkt bitte an eine Gruppe normaler Menschen mit unterschiedlichen Nationalit\u00e4ten aus allen Teilen Europas mit derselben Leidenschaft. Klingt es f\u00fcr euch einer Bewegung?<\/p>\n<p>Unsere Bewegung wurde baut auf den folgenden Schl\u00fcsselsteinen aufgebaut (in der Reihenfolge ihrer Wichtigkeit):<\/p>\n<ul>\n<li class=\"bullet-checkmark\">mit Licht &amp; Rauch die Freude in die Welt bringen<\/li>\n<li class=\"bullet-checkmark\">Pyrotechnik ist f\u00fcr alle<\/li>\n<li class=\"bullet-checkmark\">Sicherheit und Schutz, wir m\u00f6chten, dass jeder so sicher wie m\u00f6glich sein kann<\/li>\n<li class=\"bullet-checkmark\">Vertrieb hochwertiger Pyrotechnik gem\u00e4\u00df Vorschriften<\/li>\n<li class=\"bullet-checkmark\">Schnelle und sichere Lieferung in ganz Europa (1-4 Tage) und in der ganzen Welt<\/li>\n<li class=\"bullet-checkmark\">Quantit\u00e4tsrabatte f\u00fcr Gruppen (sendet bitte eine E-Mail an we@sayyestopyro.com)<\/li>\n<\/ul>\n\n\t\t<\/div>\n\t\t\t\t\t<\/div>\n\n\t\n\n<\/div>\n\n\t\t<\/div>\n\n\t\t\n<style>\n#section_705579883 {\n  padding-top: 35px;\n  padding-bottom: 35px;\n  background-color: rgb(24, 25, 27);\n}\n@media (min-width:850px) {\n  #section_705579883 {\n    padding-top: 80px;\n    padding-bottom: 80px;\n  }\n}\n<\/style>\n\t<\/section>\n\t\n\n\t<section class=\"section dark\" id=\"section_1729362190\">\n\t\t<div class=\"section-bg fill\" >\n\t\t\t\t\t\t\t\t\t\n\t\t\t\n\n\t\t<\/div>\n\n\t\t\n\n\t\t<div class=\"section-content relative\">\n\t\t\t\n\n<div class=\"row row-collapse row-full-width align-middle\"  id=\"row-480634583\">\n\n\n\t<div id=\"col-303585362\" class=\"col medium-12 small-12 large-6 medium-col-first\"  >\n\t\t\t\t<div class=\"col-inner\"  >\n\t\t\t\n\t\t\t\n\n\n  <div class=\"banner has-hover\" id=\"banner-675438693\">\n          <div class=\"banner-inner fill\">\n        <div class=\"banner-bg fill\" >\n            <img loading=\"lazy\" decoding=\"async\" width=\"1707\" height=\"2560\" src=\"https:\/\/sayyestopyro.com\/wp-content\/uploads\/2022\/09\/Zdjecie-06.12.2020-13-44-51-scaled.jpg\" class=\"bg attachment-original size-original\" alt=\"\" \/>                                    \n                    <\/div>\n\t\t\n        <div class=\"banner-layers container\">\n            <div class=\"fill banner-link\"><\/div>            \n\n\n        <\/div>\n      <\/div>\n\n            \n<style>\n#banner-675438693 {\n  padding-top: 300px;\n  background-color: rgb(36, 38, 42);\n}\n#banner-675438693 .banner-bg img {\n  object-position: 43% 79%;\n}\n@media (min-width:550px) {\n  #banner-675438693 {\n    padding-top: 400px;\n  }\n}\n@media (min-width:850px) {\n  #banner-675438693 {\n    padding-top: 700px;\n  }\n}\n<\/style>\n  <\/div>\n\n\n\n\t\t<\/div>\n\t\t\t\t\t<\/div>\n\n\t\n\n\t<div id=\"col-869094086\" class=\"col medium-12 small-12 large-6\"  >\n\t\t\t\t<div class=\"col-inner text-left\"  >\n\t\t\t\n\t\t\t\n\n<div class=\"row align-center\"  id=\"row-2117412163\">\n\n\n\t<div id=\"col-418675750\" class=\"col medium-10 small-10 large-8\"  >\n\t\t\t\t<div class=\"col-inner\"  >\n\t\t\t\n\t\t\t\n\n<div class=\"is-divider divider clearfix\" style=\"max-width:100px;height:4px;background-color:rgb(253, 111, 94);\"><\/div>\n\n\t<div id=\"text-2130207822\" class=\"text\">\n\t\t\n\n<h1 class=\"uppercase\">Wie man sich der Bewegung anschlie\u00dft<\/h1>\n\n\t\t\n<style>\n#text-2130207822 {\n  font-size: 1.5rem;\n}\n@media (min-width:550px) {\n  #text-2130207822 {\n    font-size: 1.9rem;\n  }\n}\n<\/style>\n\t<\/div>\n\t\n<p>Der Beitritt zu unserer Bewegung ist sehr einfach. Es ist uns egal, ob jemand unser Kunde ist oder nicht. Wir folgen der Idee, dass Pyro f\u00fcr alle ist. Wir wollen Freude und Gl\u00fcck mit Aufmerksamkeit auf Sicherheit in die Welt bringen. Niemand will sich unsicher f\u00fchlen. Es ist ein wesentliches Lebenselement, sich wohl zu f\u00fchlen. Aus diesem Grund ist es unser Ziel, allen Menschen auf der Welt Notfackeln und Beleuchtung zur Verf\u00fcgung zu stellen, damit sie sie in Situationen einsetzen k\u00f6nnen, in denen sie n\u00f6tig sind.<\/p>\n\n\t<div id=\"gap-239911786\" class=\"gap-element clearfix\" style=\"display:block; height:auto;\">\n\t\t\n<style>\n#gap-239911786 {\n  padding-top: 10px;\n}\n<\/style>\n\t<\/div>\n\t\n\n\t<div id=\"gap-2094411604\" class=\"gap-element clearfix\" style=\"display:block; height:auto;\">\n\t\t\n<style>\n#gap-2094411604 {\n  padding-top: 0px;\n}\n@media (min-width:550px) {\n  #gap-2094411604 {\n    padding-top: 30px;\n  }\n}\n<\/style>\n\t<\/div>\n\t\n\n\n\t\t<\/div>\n\t\t\t\t\t<\/div>\n\n\t\n\n\n<style>\n#row-2117412163 > .col > .col-inner {\n  padding: 20px 0px 20px 0px;\n}\n@media (min-width:550px) {\n  #row-2117412163 > .col > .col-inner {\n    padding: 60px 0px 60px 0px;\n  }\n}\n@media (min-width:850px) {\n  #row-2117412163 > .col > .col-inner {\n    padding: 60px 0px 40px 0px;\n  }\n}\n<\/style>\n<\/div>\n\n\t\t<\/div>\n\t\t\t\t\t<\/div>\n\n\t\n\n<\/div>\n\n\t\t<\/div>\n\n\t\t\n<style>\n#section_1729362190 {\n  padding-top: 0px;\n  padding-bottom: 0px;\n  background-color: rgb(36, 38, 42);\n}\n<\/style>\n\t<\/section>\n\t\n\n\t<section class=\"section dark\" id=\"section_600731267\">\n\t\t<div class=\"section-bg fill\" >\n\t\t\t\t\t\t\t\t\t\n\t\t\t\n\n\t\t<\/div>\n\n\t\t\n\n\t\t<div class=\"section-content relative\">\n\t\t\t\n\n<div class=\"row\"  id=\"row-676420832\">\n\n\n\t<div id=\"col-1688006187\" class=\"col small-12 large-12\"  >\n\t\t\t\t<div class=\"col-inner text-center\"  >\n\t\t\t\n\t\t\t\n\n\t<div id=\"gap-1423548959\" class=\"gap-element clearfix\" style=\"display:block; height:auto;\">\n\t\t\n<style>\n#gap-1423548959 {\n  padding-top: 35px;\n}\n<\/style>\n\t<\/div>\n\t\n\n<div class=\"text-center\"><div class=\"is-divider divider clearfix\" style=\"max-width:100px;height:4px;background-color:rgb(255, 255, 255);\"><\/div><\/div>\n\n\t<div id=\"text-2911014696\" class=\"text\">\n\t\t\n\n<h2 class=\"uppercase\">Bleibe mit uns in Kontakt #SAYYESTOPYRO<\/h2>\n\n\t\t\n<style>\n#text-2911014696 {\n  font-size: 1.5rem;\n  text-align: center;\n}\n<\/style>\n\t<\/div>\n\t\n<div class=\"social-icons follow-icons full-width text-center\" style=\"font-size:140%\"><a href=\"https:\/\/www.facebook.com\/sayyestopyro\/\" target=\"_blank\" data-label=\"Facebook\" class=\"icon button circle is-outline tooltip facebook\" title=\"Auf Facebook folgen\" aria-label=\"Auf Facebook folgen\" rel=\"noopener nofollow\"><i class=\"icon-facebook\" aria-hidden=\"true\"><\/i><\/a><a href=\"https:\/\/www.instagram.com\/sayyestopyro\/\" target=\"_blank\" data-label=\"Instagram\" class=\"icon button circle is-outline tooltip instagram\" title=\"Auf Instagram folgen\" aria-label=\"Auf Instagram folgen\" rel=\"noopener nofollow\"><i class=\"icon-instagram\" aria-hidden=\"true\"><\/i><\/a><a href=\"https:\/\/twitter.com\/sayyestopyro\" data-label=\"Twitter\" target=\"_blank\" class=\"icon button circle is-outline tooltip twitter\" title=\"Auf Twitter folgen\" aria-label=\"Auf Twitter folgen\" rel=\"noopener nofollow\"><i class=\"icon-twitter\" aria-hidden=\"true\"><\/i><\/a><a href=\"https:\/\/www.youtube.com\/channel\/UCy5BWj2u5ZS7m4KcqRGmBKw\" data-label=\"YouTube\" target=\"_blank\" class=\"icon button circle is-outline tooltip youtube\" title=\"Auf YouTube folgen\" aria-label=\"Auf YouTube folgen\" rel=\"noopener nofollow\"><i class=\"icon-youtube\" aria-hidden=\"true\"><\/i><\/a><\/div>\n\n\n\t\t<\/div>\n\t\t\t\t\t<\/div>\n\n\t\n\n<\/div>\n\n\t\t<\/div>\n\n\t\t\n<style>\n#section_600731267 {\n  padding-top: 30px;\n  padding-bottom: 30px;\n  background-color: #d26e4b;\n}\n<\/style>\n\t<\/section>\n\t\n\n\t<section class=\"section dark\" id=\"section_1834319284\">\n\t\t<div class=\"section-bg fill\" >\n\t\t\t\t\t\t\t\t\t\n\t\t\t\n\n\t\t<\/div>\n\n\t\t\n\n\t\t<div class=\"section-content relative\">\n\t\t\t\n\n<div class=\"row row-collapse row-full-width align-middle\"  id=\"row-723675197\">\n\n\n\t<div id=\"col-562661119\" class=\"col medium-12 small-12 large-6\"  >\n\t\t\t\t<div class=\"col-inner text-left\"  >\n\t\t\t\n\t\t\t\n\n<div class=\"row align-center\"  id=\"row-1643886398\">\n\n\n\t<div id=\"col-469790452\" class=\"col medium-10 small-10 large-8\"  >\n\t\t\t\t<div class=\"col-inner\"  >\n\t\t\t\n\t\t\t\n\n<div class=\"is-divider divider clearfix\" style=\"max-width:100px;height:4px;background-color:rgb(253, 111, 94);\"><\/div>\n\n\t<div id=\"text-3608109618\" class=\"text\">\n\t\t\n\n<h1 class=\"uppercase\">Mitmachen<\/h1>\n\n\t\t\n<style>\n#text-3608109618 {\n  font-size: 1.5rem;\n}\n@media (min-width:550px) {\n  #text-3608109618 {\n    font-size: 2.25rem;\n  }\n}\n<\/style>\n\t<\/div>\n\t\n<p>Wenn ihr zu unserer Bewegung beitreten wollt, f\u00fcgt bitte #sayyestopyro zu eurem Profilnamen hinzu. Es ist so einfach wie eine Ver\u00f6ffentlichung sch\u00f6nes Fotos mit demselben Hashtag. Sendet uns einfach Eure besten Fotos und Videos. Wir interessieren uns wirklich um eure Geschichten. Da wir zusammen die Bewegung bilden.<\/p>\n<p>Jetzt haben wir nur noch die Frage: <span class=\"fancy-underline\">Say Yes To Pyro<\/span>?<\/p>\n<a href=\"\/de\/shop\/\" class=\"button alert\" style=\"padding:5px 30px 5px 30px;\">\n\t\t<span>Checke unser Pyro-Angebot<\/span>\n\t<\/a>\n\n\n\t<div id=\"gap-1683516721\" class=\"gap-element clearfix\" style=\"display:block; height:auto;\">\n\t\t\n<style>\n#gap-1683516721 {\n  padding-top: 10px;\n}\n<\/style>\n\t<\/div>\n\t\n\n\t<div id=\"gap-1547349434\" class=\"gap-element clearfix\" style=\"display:block; height:auto;\">\n\t\t\n<style>\n#gap-1547349434 {\n  padding-top: 0px;\n}\n@media (min-width:550px) {\n  #gap-1547349434 {\n    padding-top: 30px;\n  }\n}\n<\/style>\n\t<\/div>\n\t\n\n\n\t\t<\/div>\n\t\t\t\t\t<\/div>\n\n\t\n\n\n<style>\n#row-1643886398 > .col > .col-inner {\n  padding: 20px 0px 20px 0px;\n}\n@media (min-width:550px) {\n  #row-1643886398 > .col > .col-inner {\n    padding: 60px 0px 60px 0px;\n  }\n}\n@media (min-width:850px) {\n  #row-1643886398 > .col > .col-inner {\n    padding: 60px 0px 40px 0px;\n  }\n}\n<\/style>\n<\/div>\n\n\t\t<\/div>\n\t\t\t\t\t<\/div>\n\n\t\n\n\t<div id=\"col-252668903\" class=\"col medium-12 small-12 large-6 medium-col-first\"  >\n\t\t\t\t<div class=\"col-inner\"  >\n\t\t\t\n\t\t\t\n\n\n  <div class=\"banner has-hover\" id=\"banner-378373826\">\n          <div class=\"banner-inner fill\">\n        <div class=\"banner-bg fill\" >\n            <img loading=\"lazy\" decoding=\"async\" width=\"1707\" height=\"2560\" src=\"https:\/\/sayyestopyro.com\/wp-content\/uploads\/2022\/09\/Zdjecie-06.12.2020-14-40-13-scaled.jpg\" class=\"bg attachment-original size-original\" alt=\"\" \/>                                    \n                    <\/div>\n\t\t\n        <div class=\"banner-layers container\">\n            <div class=\"fill banner-link\"><\/div>            \n\n\n        <\/div>\n      <\/div>\n\n            \n<style>\n#banner-378373826 {\n  padding-top: 300px;\n  background-color: rgb(36, 38, 42);\n}\n#banner-378373826 .banner-bg img {\n  object-position: 48% 54%;\n}\n@media (min-width:550px) {\n  #banner-378373826 {\n    padding-top: 500px;\n  }\n}\n@media (min-width:850px) {\n  #banner-378373826 {\n    padding-top: 700px;\n  }\n}\n<\/style>\n  <\/div>\n\n\n\n\t\t<\/div>\n\t\t\t\t\t<\/div>\n\n\t\n\n<\/div>\n\n\t\t<\/div>\n\n\t\t\n<style>\n#section_1834319284 {\n  padding-top: 0px;\n  padding-bottom: 0px;\n  background-color: rgb(36, 38, 42);\n}\n<\/style>\n\t<\/section>\n\t\n","protected":false},"excerpt":{"rendered":"","protected":false},"author":1,"featured_media":0,"parent":0,"menu_order":0,"comment_status":"closed","ping_status":"closed","template":"page-blank.php","meta":{"footnotes":""},"class_list":["post-1023","page","type-page","status-publish","hentry"],"jetpack_sharing_enabled":true,"_links":{"self":[{"href":"https:\/\/sayyestopyro.com\/de\/wp-json\/wp\/v2\/pages\/1023","targetHints":{"allow":["GET"]}}],"collection":[{"href":"https:\/\/sayyestopyro.com\/de\/wp-json\/wp\/v2\/pages"}],"about":[{"href":"https:\/\/sayyestopyro.com\/de\/wp-json\/wp\/v2\/types\/page"}],"author":[{"embeddable":true,"href":"https:\/\/sayyestopyro.com\/de\/wp-json\/wp\/v2\/users\/1"}],"replies":[{"embeddable":true,"href":"https:\/\/sayyestopyro.com\/de\/wp-json\/wp\/v2\/comments?post=1023"}],"version-history":[{"count":10,"href":"https:\/\/sayyestopyro.com\/de\/wp-json\/wp\/v2\/pages\/1023\/revisions"}],"predecessor-version":[{"id":1192,"href":"https:\/\/sayyestopyro.com\/de\/wp-json\/wp\/v2\/pages\/1023\/revisions\/1192"}],"wp:attachment":[{"href":"https:\/\/sayyestopyro.com\/de\/wp-json\/wp\/v2\/media?parent=1023"}],"curies":[{"name":"wp","href":"https:\/\/api.w.org\/{rel}","templated":true}]}}