{"id":1025,"date":"2022-09-06T11:54:29","date_gmt":"2022-09-06T09:54:29","guid":{"rendered":"https:\/\/dev.sayyestopyro.com\/datenschutz\/"},"modified":"2022-11-15T13:03:17","modified_gmt":"2022-11-15T12:03:17","slug":"datenschutz","status":"publish","type":"page","link":"https:\/\/sayyestopyro.com\/de\/datenschutz\/","title":{"rendered":"Datenschutz"},"content":{"rendered":"\n\n\t<section class=\"section\" id=\"section_871881833\">\n\t\t<div class=\"section-bg fill\" >\n\t\t\t<img loading=\"lazy\" decoding=\"async\" width=\"1707\" height=\"2560\" src=\"https:\/\/sayyestopyro.com\/wp-content\/uploads\/2022\/09\/R1__7405-scaled.jpg\" class=\"bg attachment-original size-original\" alt=\"\" \/>\t\t\t\t\t\t\n\t\t\t\n\n\t\t<\/div>\n\n\t\t\n\n\t\t<div class=\"section-content relative\">\n\t\t\t\n\n\n\t\t<\/div>\n\n\t\t\n<style>\n#section_871881833 {\n  padding-top: 26px;\n  padding-bottom: 26px;\n  min-height: 250px;\n}\n#section_871881833 .section-bg img {\n  object-position: 50% 25%;\n}\n@media (min-width:550px) {\n  #section_871881833 {\n    min-height: 322px;\n  }\n}\n<\/style>\n\t<\/section>\n\t\n\n\t<section class=\"section\" id=\"section_64135681\">\n\t\t<div class=\"section-bg fill\" >\n\t\t\t\t\t\t\t\t\t\n\t\t\t\n\n\t\t<\/div>\n\n\t\t\n\n\t\t<div class=\"section-content relative\">\n\t\t\t\n\n\t<div id=\"gap-861005308\" class=\"gap-element clearfix\" style=\"display:block; height:auto;\">\n\t\t\n<style>\n#gap-861005308 {\n  padding-top: 20px;\n}\n@media (min-width:550px) {\n  #gap-861005308 {\n    padding-top: 40px;\n  }\n}\n<\/style>\n\t<\/div>\n\t\n\n<div class=\"row\"  id=\"row-1593095578\">\n\n\n\t<div id=\"col-1553398657\" class=\"col medium-4 small-12 large-4\"  >\n\t\t\t\t<div class=\"col-inner\"  >\n\t\t\t\n\t\t\t\n\n\t<div id=\"gap-2019289552\" class=\"gap-element clearfix hide-for-medium\" style=\"display:block; height:auto;\">\n\t\t\n<style>\n#gap-2019289552 {\n  padding-top: 10px;\n}\n<\/style>\n\t<\/div>\n\t\n\n\t<div id=\"text-2164024062\" class=\"text\">\n\t\t\n\n<h3>Datenschutz<\/h3>\n\t\t\n<style>\n#text-2164024062 {\n  font-size: 1.75rem;\n  line-height: 1.25;\n}\n@media (min-width:850px) {\n  #text-2164024062 {\n    line-height: 1.5;\n  }\n}\n<\/style>\n\t<\/div>\n\t\n<a href=\"https:\/\/dev.sayyestopyro.com\/contact\/\" class=\"button primary is-link\" >\n\t\t<span>Kontakt<\/span>\n\t<i class=\"icon-angle-right\" aria-hidden=\"true\"><\/i><\/a>\n\n\n\n\t\t<\/div>\n\t\t\t\t\n<style>\n#col-1553398657 > .col-inner {\n  margin: 0px 0px -20px 0px;\n}\n<\/style>\n\t<\/div>\n\n\t\n\n\t<div id=\"col-1126004349\" class=\"col medium-8 small-12 large-8\"  >\n\t\t\t\t<div class=\"col-inner\"  >\n\t\t\t\n\t\t\t\n\n<p>SAY YES TO PYRO (SYTP) verpflichtet sich, die Privatsph\u00e4re der Kunden zu sch\u00fctzen. Diese Datenschutzrichtlinie legt fest, welche Art von Informationen wir sammeln und was wir damit machen.<\/p>\n<p>SYTP verkauft oder leiht die Mailingliste mit Newslettern, Registrierungsdetails und Nutzungstrends nicht an externe Unternehmen oder Organisationen. Es kann niemals eine hundertprozentige Sicherheit der Daten im Internet garantiert werden. Daher \u00fcbernimmt SYTP keine Haftung f\u00fcr Sicherheitsverletzungen beim Zugriff auf das Internet.<\/p>\n<p>Diese Website verwendet Google Analytics, einen Webanalysedienst von Google Inc. (&#8222;Google&#8220;). Google Analytics verwendet sogenannte Cookies, kleine Textdateien, die auf eurem Computer gespeichert werden und unter anderem die Art und Weise analysieren, wie ihr unsere Website nutzen. In der Regel werden die durch Cookies erzeugten Informationen auf einen von Google betriebenen Server in den USA \u00fcbertragen und dort gespeichert. Google wird diese Informationen im Auftrag des Betreibers dieser Website verwenden, um eure Nutzung der Website zu bewerten, Berichte \u00fcber Website-Aktivit\u00e4ten zu erstellen und dem Website-Betreiber Dienste in Bezug auf die Nutzung der Website und des Internets bereitzustellen. Diese Berichte und Dienste werden verwendet, um die auf dieser Website angebotenen Einrichtungen kontinuierlich zu verbessern.<\/p>\n<p>Ihr k\u00f6nnt die Speicherung von Cookies verhindern, indem ihr in eurem Browser eine entsprechende Einstellung vornehmen. Wir m\u00fcssen jedoch darauf hinweisen, dass ihr in diesem Fall nicht alle Funktionen dieser Website in vollem Umfang nutzen k\u00f6nnt. Ihr k\u00f6nnt auch die Erfassung und Verarbeitung von Daten verhindern, die sich auf eure Nutzung der Website beziehen (einschlie\u00dflich eurer IP-Adresse) und durch Cookies von Google generiert werden, indem ihr einfach das folgende Google-Browser-Plug-In herunterladet und installiert, indem ihr auf den folgenden Link klickt: http: \/\/tools.google.com\/dlpage\/gaoptout?hl=de. Je nach verwendetem Browser sind auch andere \u00e4hnliche Plug-Ins von anderen Anbietern erh\u00e4ltlich.<\/p>\n<p>Wenn ihr personenbezogene Daten elektronisch an SYTP \u00fcbermittelt habt und diese l\u00f6schen m\u00f6chtet, schreibt bitte an we@sayyestopyro.com. Mit dieser Biete werden keine Informationen \u00fcber euch in anderen SYTP-Datenbanken entfernt, die nicht \u00fcber diese Website bereitgestellt wurden.<\/p>\n<p>Jede \u00c4nderung dieser Datenschutzrichtlinie wird auf unserer Website ver\u00f6ffentlicht.<\/p>\n\n\t\t<\/div>\n\t\t\t\t\t<\/div>\n\n\t\n\n<\/div>\n\n\t\t<\/div>\n\n\t\t\n<style>\n#section_64135681 {\n  padding-top: 30px;\n  padding-bottom: 30px;\n}\n<\/style>\n\t<\/section>\n\t\n\n","protected":false},"excerpt":{"rendered":"","protected":false},"author":1,"featured_media":0,"parent":0,"menu_order":0,"comment_status":"closed","ping_status":"open","template":"page-blank.php","meta":{"footnotes":""},"class_list":["post-1025","page","type-page","status-publish","hentry"],"jetpack_sharing_enabled":true,"_links":{"self":[{"href":"https:\/\/sayyestopyro.com\/de\/wp-json\/wp\/v2\/pages\/1025","targetHints":{"allow":["GET"]}}],"collection":[{"href":"https:\/\/sayyestopyro.com\/de\/wp-json\/wp\/v2\/pages"}],"about":[{"href":"https:\/\/sayyestopyro.com\/de\/wp-json\/wp\/v2\/types\/page"}],"author":[{"embeddable":true,"href":"https:\/\/sayyestopyro.com\/de\/wp-json\/wp\/v2\/users\/1"}],"replies":[{"embeddable":true,"href":"https:\/\/sayyestopyro.com\/de\/wp-json\/wp\/v2\/comments?post=1025"}],"version-history":[{"count":1,"href":"https:\/\/sayyestopyro.com\/de\/wp-json\/wp\/v2\/pages\/1025\/revisions"}],"predecessor-version":[{"id":1026,"href":"https:\/\/sayyestopyro.com\/de\/wp-json\/wp\/v2\/pages\/1025\/revisions\/1026"}],"wp:attachment":[{"href":"https:\/\/sayyestopyro.com\/de\/wp-json\/wp\/v2\/media?parent=1025"}],"curies":[{"name":"wp","href":"https:\/\/api.w.org\/{rel}","templated":true}]}}