{"id":1027,"date":"2022-10-21T12:26:49","date_gmt":"2022-10-21T10:26:49","guid":{"rendered":"https:\/\/dev.sayyestopyro.com\/agb\/"},"modified":"2022-11-15T13:12:22","modified_gmt":"2022-11-15T12:12:22","slug":"agb","status":"publish","type":"page","link":"https:\/\/sayyestopyro.com\/de\/agb\/","title":{"rendered":"AGB"},"content":{"rendered":"\n\n\t<section class=\"section\" id=\"section_1190956883\">\n\t\t<div class=\"section-bg fill\" >\n\t\t\t<img loading=\"lazy\" decoding=\"async\" width=\"1707\" height=\"2560\" src=\"https:\/\/sayyestopyro.com\/wp-content\/uploads\/2022\/09\/R1__7405-scaled.jpg\" class=\"bg attachment-original size-original\" alt=\"\" \/>\t\t\t\t\t\t\n\t\t\t\n\n\t\t<\/div>\n\n\t\t\n\n\t\t<div class=\"section-content relative\">\n\t\t\t\n\n\n\t\t<\/div>\n\n\t\t\n<style>\n#section_1190956883 {\n  padding-top: 26px;\n  padding-bottom: 26px;\n  min-height: 250px;\n}\n#section_1190956883 .section-bg img {\n  object-position: 50% 25%;\n}\n@media (min-width:550px) {\n  #section_1190956883 {\n    min-height: 322px;\n  }\n}\n<\/style>\n\t<\/section>\n\t\n\n\t<section class=\"section\" id=\"section_1838370771\">\n\t\t<div class=\"section-bg fill\" >\n\t\t\t\t\t\t\t\t\t\n\t\t\t\n\n\t\t<\/div>\n\n\t\t\n\n\t\t<div class=\"section-content relative\">\n\t\t\t\n\n\t<div id=\"gap-406198624\" class=\"gap-element clearfix\" style=\"display:block; height:auto;\">\n\t\t\n<style>\n#gap-406198624 {\n  padding-top: 20px;\n}\n@media (min-width:550px) {\n  #gap-406198624 {\n    padding-top: 40px;\n  }\n}\n<\/style>\n\t<\/div>\n\t\n\n<div class=\"row\"  id=\"row-1896001868\">\n\n\n\t<div id=\"col-11218632\" class=\"col medium-4 small-12 large-4\"  >\n\t\t\t\t<div class=\"col-inner\"  >\n\t\t\t\n\t\t\t\n\n\t<div id=\"gap-2122684128\" class=\"gap-element clearfix hide-for-medium\" style=\"display:block; height:auto;\">\n\t\t\n<style>\n#gap-2122684128 {\n  padding-top: 10px;\n}\n<\/style>\n\t<\/div>\n\t\n\n\t<div id=\"text-770454435\" class=\"text\">\n\t\t\n\n<h3>AGB<\/h3>\n\t\t\n<style>\n#text-770454435 {\n  font-size: 1.75rem;\n  line-height: 1.25;\n}\n@media (min-width:850px) {\n  #text-770454435 {\n    line-height: 1.5;\n  }\n}\n<\/style>\n\t<\/div>\n\t\n<a href=\"https:\/\/dev.sayyestopyro.com\/contact\/\" class=\"button primary is-link\" >\n\t\t<span>Kontakt<\/span>\n\t<i class=\"icon-angle-right\" aria-hidden=\"true\"><\/i><\/a>\n\n\n\n\t\t<\/div>\n\t\t\t\t\n<style>\n#col-11218632 > .col-inner {\n  margin: 0px 0px -20px 0px;\n}\n<\/style>\n\t<\/div>\n\n\t\n\n\t<div id=\"col-844072650\" class=\"col medium-8 small-12 large-8\"  >\n\t\t\t\t<div class=\"col-inner\"  >\n\t\t\t\n\t\t\t\n\n<p>BEDINGUNGEN<br>I. ALLGEMEINE INFORMATIONEN:<br>1. Der Online-Shop SayYesToPyro.com geh\u00f6rt dem SAY YES TO PYRO in Bialystok, Polen &#8211; sp\u00e4ter als Shop bezeichnet.<\/p>\n<p>Firmeninformation:<\/p>\n<p>SAY YES TO PYRO SP. Z O.O.<br>Rzemie\u015blnicza 30\/46<br>15-773 Bia\u0142ystok, Polen<br>Umsatzsteuer-ID: PL5423408780<br>Bank: PL71 1020 1332 0000 1002 1259 1360<\/p>\n<p>2. Eine Person oder ein Unternehmen, die eine Bestellung \u00fcber das Internet aufgegeben hat, wird sp\u00e4ter als Kunde bezeichnet.<\/p>\n<p>3. Der Shop hat das Recht, \u00c4nderungen an diesen Vorschriften vorzunehmen. Die Regeln gelten ab dem Zeitpunkt ihrer Ver\u00f6ffentlichung auf der Website des Shops.<\/p>\n<p>4. Der Shop ist verpflichtet, die Informationen, die wir von unseren Kunden erhalten haben, geheim zu halten. Wir verwenden die von Euch bereitgestellten Informationen beispielsweise zur Erf\u00fcllung der Bestellungen, zur Beantwortung von Kundenanfragen und zur Kommunikation mit Euch. Wir geben die Informationen \u00fcber unsere Kunden nicht freiwillig an Dritte weiter.  <\/p>\n<p>5. Der Shop hat das Recht, Produkte aus dem Angebot zur\u00fcckzuziehen und \/ oder ihren Preis ohne Angabe von Gr\u00fcnden zu \u00e4ndern.<\/p>\n<p>6. Das Gesch\u00e4ft hat das Recht, die Ausf\u00fchrung einer Bestellung zu verweigern, wenn ein Verdacht besteht, z. Eine E-Mail-Adresse und \/ oder eine Telefonnummer fehlen und es ist daher nicht m\u00f6glich, eine Bestellung zu best\u00e4tigen. Gleiches gilt f\u00fcr Situationen, in denen die Angaben zum Kunden unvollst\u00e4ndig sind. <\/p>\n<p>7. Die Preise aller Produkte, die im Shop enthalten sind, werden in Euro-W\u00e4hrung angegeben und sind Endpreise. Dies bedeutet, dass die Bruttopreise alle Steuern (z. B. Mehrwertsteuer) enthalten. Der Kunde erh\u00e4lt keine zus\u00e4tzlichen Kosten oder Rechnungen.  <\/p>\n<p>8. Kunden, die eine Rechnung erhalten m\u00f6chten, sind berechtigt, den Shop aufzufordern, eine Rechnung f\u00fcr gekaufte Produkte ohne Unterschrift des Kunden auszustellen.<\/p>\n<p>9. F\u00fcr B2C-Kunden werden die Rechnungen automatisch ausgestellt, wenn euer Name und eure Steueridentifikationsnummer (z. B. NIP in Polen) bei der Bestellung angegeben werden. Es ist unm\u00f6glich, nach Eingang der Bestellung eine B2C-Rechnung zu erhalten. <\/p>\n<p>10. Bei Fragen wendet euch bitte an den Shop.<\/p>\n<p>II. BESTELLAUFGABE:<br>1. Um eine Bestellung im Shop aufzugeben, stellt der Kunde klar, dass er vollj\u00e4hrig ist, \u00fcber 18 Jahre alt.<\/p>\n<p>2. Um eine Bestellung aufzugeben, stellt der Kunde klar und akzeptiert, dass alle gekauften Produkte nicht auf illegale oder verantwortungslose Weise verwendet werden. Dar\u00fcber hinaus stellt der Kunde klar, dass in seinem Land und \/ oder in anderen L\u00e4ndern keine Gesetze verletzt werden d\u00fcrfen.<\/p>\n<p>3. Ein Vertrag wird abgeschlossen, sobald der Kunde die Produkte in den Warenkorb gelegt und die Bestellung best\u00e4tigt hat. Die Bestellung wird als gleichbedeutend mit der Annahme der Gesch\u00e4ftsregeln und -bestimmungen angesehen. <\/p>\n<p>4. Im Online-Shop k\u00f6nnen Kunden rund um die Uhr, sieben Tage die Woche und das ganze Jahr \u00fcber bestellen. Der Shop nimmt alle Bestellungen ein. Der Versand der Bestellungen erfolgt jedoch am Werktag. <\/p>\n<p>5. Da diese Produkte pyrotechnischer Natur sind, ist es unm\u00f6glich, die Produkte vor dem Versand zu testen. Obwohl alle Produkte nach h\u00f6chsten Standards hergestellt werden, ist zwischen Produktion und Verwendung ein langer Weg. Daher gibt der Kunde beim Kauf zu, dass er versteht, dass das gekaufte Produkt nicht getestet wurde und als solches voll verantwortlich f\u00fcr den erfolgreichen Betrieb des Produkts ist.  <\/p>\n<p>6. Nach der Bestellaufgabe erh\u00e4lt der Kunde eine Best\u00e4tigung per E-Mail. Es ist unm\u00f6glich, eine bereits best\u00e4tigte Bestellung zu stornieren. <\/p>\n<p>7. Die Bestellungen werden in der Reihenfolge der Platzierung und in der Reihenfolge des Zahlungseingangs auf dem Bankkonto des Gesch\u00e4fts ausgef\u00fchrt.<\/p>\n<p>8. Der Gesamtbetrag wird auf der Grundlage der Summe der gekauften Produkte, der Versandkosten berechnet. Die im Shop angegebenen Produktpreise enthalten keine Versandkosten. <\/p>\n<p>9. Wenn sich herausstellt, dass Produkte in der Bestellung des Kunden derzeit nicht vorr\u00e4tig sind, werden wir den Kunden per E-Mail oder Telefon kontaktieren. Gleichzeitig werden wir den Kunden \u00fcber Lieferverz\u00f6gerungen informieren, die sich aus der vor\u00fcbergehenden Nichtverf\u00fcgbarkeit der bestellten Produkte ergeben. <\/p>\n<p>10. Es liegt in der Verantwortung des Kunden, um den guten Namen des Gesch\u00e4fts und insbesondere der Bewegung \u201eSAY YES TO PYRO\u201c nicht in Verruf zu bringen. Im Falle eines Versto\u00dfes verpflichtet sich der Kunde, eine sofort verh\u00e4ngte Geldstrafe von 1000 Euro durch den Shop und 500 Euro f\u00fcr jeden Tag zu zahlen, an dem der Versto\u00df aufgetreten ist. <\/p>\n<p>11. Der Shop verbietet hiermit jeder Person oder jeder Firma, eine Bestellung aufzugeben, deren Ziel es ist, das Innenleben des Gesch\u00e4fts zu entdecken und \/ oder schlechte PR f\u00fcr den Shop zu machen\/ oder irgendeine Art oder Form von negativen Problemen f\u00fcr den Shop zu verursachen. Beim Kauf stimmt der Kunde dieser Bedingung zu und stimmt im Falle eines Versto\u00dfes gegen eine sofort verh\u00e4ngte Geldbu\u00dfe von 2000 Euro durch das Gesch\u00e4ft und 1000 Euro f\u00fcr jeden Tag zu, an dem der Versto\u00df andauert und \/ oder die Auswirkungen des Versto\u00dfes vom Gesch\u00e4ft zu sp\u00fcren sind. <\/p>\n<p>III. VERSAND &amp; LIEFERUNG:<br>1. Der Shop ist bewusst, wie wichtig es ist, die bestellten Produkte sicher zu liefern. Deshalb achten wir auf eine ordnungsgem\u00e4\u00dfe Verpackung, damit die Artikel in einwandfreiem Zustand geliefert werden. <\/p>\n<p>2. Alle Bestellungen werden per UPS verschickt. Der Shop stellt klar, dass alle gekauften Produkte in allen EU-L\u00e4ndern legal sind und das Paket, das ihr erhalten werdet, gem\u00e4\u00df allen internationalen Vorschriften und Unternehmensregeln versendet wird.<\/p>\n<p>3. &#8211;<\/p>\n<p>IV. REKLAMATON &amp; R\u00dcCKSENDUNG:<br>1. Bei Problemen wendet euch bitte umgehend an den Shop.<\/p>\n<p>2. Der Kunde soll die Lieferung in Anwesenheit eines Kuriers auspacken. Wenn mechanische Sch\u00e4den an Produkten (durch Transport) festgestellt wurden, erstellt bitte ein Protokoll, das sowohl vom Kunden als auch von einem Kurier unterzeichnet wurde. Nur mit einem solchen Protokoll l\u00e4sst der Shop die Kundenreklamation zu. Andernfalls sollt ihr eine Beschwerde beim Versanddienst und nicht beim Gesch\u00e4ft einreichen.   <\/p>\n<p>3. Die zur\u00fcckgegebenen Artikel d\u00fcrfen nicht besch\u00e4digt, ge\u00f6ffnet ( in der Originalverpackung) gebraucht oder unvollst\u00e4ndig sind. Der Shop kann die R\u00fcckgabe oder R\u00fcckerstattung von Kunden ablehnen, wenn einige oder alle dieser Anweisungen ignoriert werden. <\/p>\n<p>4. Den Kunden wird garantiert, dass ihre Produkte umgetauscht oder ihr Geld zur\u00fcckgegeben werden (in H\u00f6he des Produktpreises), falls ihre Reklamation als begr\u00fcndet anerkannt wird und der Schaden durch unsachgem\u00e4\u00dfen Betrieb des Gesch\u00e4fts entstanden ist.<\/p>\n<p>5. Nachdem die Kundenbeschwerde angenommen wurde, wird das Geld auf dem Konto innerhalb von 14 Werktagen zur\u00fcckgegeben. Die Verpackungskosten und die Versandkosten f\u00fcr zur\u00fcckgegebene Produkte tr\u00e4gt der Kunde. <\/p>\n<p>6. &#8211;<\/p>\n<p>6. Reklamationen, die sich auf fehlerhafte Verpackungen, Leckagen, Risse usw. beziehen, werden nur unter der Bedingung angenommen, dass die Kunden ihre Lieferung sp\u00e4testens einen Tag nach ihrer Zustellung abgeholt haben. <\/p>\n\n\t\t<\/div>\n\t\t\t\t\t<\/div>\n\n\t\n\n<\/div>\n\n\t\t<\/div>\n\n\t\t\n<style>\n#section_1838370771 {\n  padding-top: 30px;\n  padding-bottom: 30px;\n}\n<\/style>\n\t<\/section>\n\t\n\n","protected":false},"excerpt":{"rendered":"","protected":false},"author":1,"featured_media":0,"parent":0,"menu_order":0,"comment_status":"closed","ping_status":"closed","template":"page-blank.php","meta":{"footnotes":""},"class_list":["post-1027","page","type-page","status-publish","hentry"],"jetpack_sharing_enabled":true,"_links":{"self":[{"href":"https:\/\/sayyestopyro.com\/de\/wp-json\/wp\/v2\/pages\/1027","targetHints":{"allow":["GET"]}}],"collection":[{"href":"https:\/\/sayyestopyro.com\/de\/wp-json\/wp\/v2\/pages"}],"about":[{"href":"https:\/\/sayyestopyro.com\/de\/wp-json\/wp\/v2\/types\/page"}],"author":[{"embeddable":true,"href":"https:\/\/sayyestopyro.com\/de\/wp-json\/wp\/v2\/users\/1"}],"replies":[{"embeddable":true,"href":"https:\/\/sayyestopyro.com\/de\/wp-json\/wp\/v2\/comments?post=1027"}],"version-history":[{"count":1,"href":"https:\/\/sayyestopyro.com\/de\/wp-json\/wp\/v2\/pages\/1027\/revisions"}],"predecessor-version":[{"id":1028,"href":"https:\/\/sayyestopyro.com\/de\/wp-json\/wp\/v2\/pages\/1027\/revisions\/1028"}],"wp:attachment":[{"href":"https:\/\/sayyestopyro.com\/de\/wp-json\/wp\/v2\/media?parent=1027"}],"curies":[{"name":"wp","href":"https:\/\/api.w.org\/{rel}","templated":true}]}}