{"id":1131,"date":"2022-11-02T14:33:47","date_gmt":"2022-11-02T13:33:47","guid":{"rendered":"https:\/\/dev.sayyestopyro.com\/versand\/"},"modified":"2023-02-17T10:35:31","modified_gmt":"2023-02-17T09:35:31","slug":"versand","status":"publish","type":"page","link":"https:\/\/sayyestopyro.com\/de\/versand\/","title":{"rendered":"Versand"},"content":{"rendered":"<div class=\"row row-collapse row-full-width align-equal align-center\"  id=\"row-1407357356\">\n\n\t<div id=\"col-182108053\" class=\"col medium-6 small-12 large-6\"  >\n\t\t\t\t<div class=\"col-inner text-center\" style=\"background-color:rgb(230, 230, 230);\" >\n\t\t\t\n\t\t\t\n\t<div class=\"img has-hover x md-x lg-x y md-y lg-y\" id=\"image_886484422\">\n\t\t\t\t\t\t\t\t<div class=\"img-inner dark\" >\n\t\t\t<img loading=\"lazy\" decoding=\"async\" width=\"591\" height=\"599\" src=\"https:\/\/sayyestopyro.com\/wp-content\/uploads\/2022\/10\/591px-Flag_map_of_the_European_Union.png\" class=\"attachment-original size-original\" alt=\"\" srcset=\"https:\/\/sayyestopyro.com\/wp-content\/uploads\/2022\/10\/591px-Flag_map_of_the_European_Union.png 591w, https:\/\/sayyestopyro.com\/wp-content\/uploads\/2022\/10\/591px-Flag_map_of_the_European_Union-395x400.png 395w, https:\/\/sayyestopyro.com\/wp-content\/uploads\/2022\/10\/591px-Flag_map_of_the_European_Union-100x100.png 100w\" sizes=\"auto, (max-width: 591px) 100vw, 591px\" \/>\t\t\t\t\t\t\n\t\t\t\t\t<\/div>\n\t\t\t\t\t\t\t\t\n<style>\n#image_886484422 {\n  width: 54%;\n}\n<\/style>\n\t<\/div>\n\t\n<div class=\"message-box relative\" style=\"padding-top:15px;padding-bottom:15px;\"><div class=\"message-box-bg-image bg-fill fill\" ><\/div><div class=\"message-box-bg-overlay bg-fill fill\" style=\"background-color:rgb(230, 230, 230);\"><\/div><div class=\"container relative\"><div class=\"inner last-reset\">\n<div class=\"row align-middle align-center\"  id=\"row-1682157931\">\n\n\t<div id=\"col-535217633\" class=\"col small-12 large-12\"  >\n\t\t\t\t<div class=\"col-inner\"  >\n\t\t\t\n\t\t\t\n<h2>Wir liefern in alle EU-L\u00e4nder! *<\/h2>\n<p style=\"text-align: left;\">Derzeit versenden und liefern wir in alle europ\u00e4ischen L\u00e4nder und fast in alle Standorte. Wir haben diese Gruppe von L\u00e4ndern basierend auf den Vorschriften ausgew\u00e4hlt, die den Verkauf und Vertrieb erm\u00f6glichen.<\/p>\n\t<div id=\"text-3001392841\" class=\"text\">\n\t\t\n<p style=\"text-align: left;\">* Zypern und Malta ausgeschlossen<\/p>\n\t\t\n<style>\n#text-3001392841 {\n  font-size: 0.75rem;\n  line-height: 1.5;\n}\n<\/style>\n\t<\/div>\n\t\n\t<div id=\"gap-1207316862\" class=\"gap-element clearfix\" style=\"display:block; height:auto;\">\n\t\t\n<style>\n#gap-1207316862 {\n  padding-top: 30px;\n}\n<\/style>\n\t<\/div>\n\t\n\t\t<\/div>\n\t\t\t\t\t<\/div>\n\n\t\n<\/div>\n<\/div><\/div><\/div>\n\t\t<\/div>\n\t\t\t\t\n<style>\n#col-182108053 > .col-inner {\n  padding: 65px 0px 0px 14px;\n}\n<\/style>\n\t<\/div>\n\n\t\n\n\t<div id=\"col-263114214\" class=\"col medium-6 small-12 large-6\"  >\n\t\t\t\t<div class=\"col-inner\"  >\n\t\t\t\n\t\t\t\n<div class=\"row row-collapse align-equal align-center\"  id=\"row-2036375286\">\n\n\t<div id=\"col-556631700\" class=\"col medium-6 small-12 large-6\"  >\n\t\t\t\t<div class=\"col-inner\"  >\n\t\t\t\n\t\t\t\n<div class=\"message-box relative dark\" ><div class=\"message-box-bg-image bg-fill fill\" ><\/div><div class=\"message-box-bg-overlay bg-fill fill\" style=\"background-color:rgb(61, 61, 61);\"><\/div><div class=\"container relative\"><div class=\"inner last-reset\">\n<div class=\"row align-middle align-center\"  id=\"row-12129822\">\n\n\t<div id=\"col-1100774606\" class=\"col small-12 large-12\"  >\n\t\t\t\t<div class=\"col-inner\"  >\n\t\t\t\n\t\t\t\n\t<div id=\"gap-2084492246\" class=\"gap-element clearfix\" style=\"display:block; height:auto;\">\n\t\t\n<style>\n#gap-2084492246 {\n  padding-top: 47px;\n}\n<\/style>\n\t<\/div>\n\t\n<h2>Lieferzeiten<\/h2>\n\t<div id=\"gap-326440563\" class=\"gap-element clearfix\" style=\"display:block; height:auto;\">\n\t\t\n<style>\n#gap-326440563 {\n  padding-top: 47px;\n}\n<\/style>\n\t<\/div>\n\t\n<h2>1 Tag<\/h2>\n<p>Polen<\/p>\n<div class=\"is-divider divider clearfix\" ><\/div>\n<h2>2 Tage<\/h2>\n<p>Tschechische Republik<br \/>\nDeutschland<br \/>\nLitauen<br \/>\nLuxemburg<br \/>\nNiederlande<br \/>\nSlowakei<br \/>\nSlowenien<br \/>\nLettland<\/p>\n<div class=\"is-divider divider clearfix\" ><\/div>\n<h2>2-3 Tage<\/h2>\n<p>\u00d6sterreich<\/p>\n<div class=\"is-divider divider clearfix\" ><\/div>\n\t\t<\/div>\n\t\t\t\t\t<\/div>\n\n\t\n<\/div>\n<h2>3 days<\/h2>\n<p>Belgien<br \/>\nEstland<br \/>\nFrankreich<br \/>\nRum\u00e4nien<br \/>\nUngarn<br \/>\nItalien<\/p>\n\t<div id=\"gap-1117378717\" class=\"gap-element clearfix\" style=\"display:block; height:auto;\">\n\t\t\n<style>\n#gap-1117378717 {\n  padding-top: 30px;\n}\n<\/style>\n\t<\/div>\n\t\n<\/div><\/div><\/div>\n\t\t<\/div>\n\t\t\t\t\t<\/div>\n\n\t\n\n\t<div id=\"col-1348719548\" class=\"col medium-6 small-12 large-6\"  >\n\t\t\t\t<div class=\"col-inner\"  >\n\t\t\t\n\t\t\t\n<div class=\"message-box relative dark\" style=\"padding-top:15px;padding-bottom:15px;\"><div class=\"message-box-bg-image bg-fill fill\" ><\/div><div class=\"message-box-bg-overlay bg-fill fill\" style=\"background-color:rgb(94, 94, 94);\"><\/div><div class=\"container relative\"><div class=\"inner last-reset\">\n<div class=\"row align-middle align-center\"  id=\"row-837487710\">\n\n\t<div id=\"col-1626278981\" class=\"col small-12 large-12\"  >\n\t\t\t\t<div class=\"col-inner\"  >\n\t\t\t\n\t\t\t\n\t<div id=\"gap-1166318170\" class=\"gap-element clearfix hide-for-medium\" style=\"display:block; height:auto;\">\n\t\t\n<style>\n#gap-1166318170 {\n  padding-top: 119px;\n}\n<\/style>\n\t<\/div>\n\t\n<h2>3-4 Tage<\/h2>\n<p>Kroatien<\/p>\n<div class=\"is-divider divider clearfix\" ><\/div>\n<h2>4 Tage<\/h2>\n<p>Bulgarien<br \/>\nSpanien<br \/>\nPortugal<\/p>\n<div class=\"is-divider divider clearfix\" ><\/div>\n<h2>5-6 Tage<\/h2>\n<p>Griechenland<\/p>\n<div class=\"is-divider divider clearfix\" ><\/div>\n<h2>6 Tage<\/h2>\n<p>Irland<\/p>\n\t\t<\/div>\n\t\t\t\t\t<\/div>\n\n\t\n<\/div>\n<\/div><\/div><\/div>\n\t\t<\/div>\n\t\t\t\t\t<\/div>\n\n\t\n\n<style>\n#row-2036375286 > .col > .col-inner {\n  background-color: rgb(94, 94, 94);\n}\n<\/style>\n<\/div>\n\t\t<\/div>\n\t\t\t\t\t<\/div>\n\n\t\n\n<style>\n#row-1407357356 > .col > .col-inner {\n  background-color: rgb(230, 230, 230);\n}\n<\/style>\n<\/div>\n\n\t<section class=\"section dark\" id=\"section_753244430\">\n\t\t<div class=\"section-bg fill\" >\n\t\t\t\t\t\t\t\t\t\n\t\t\t\n\n\t\t<\/div>\n\n\t\t\n\n\t\t<div class=\"section-content relative\">\n\t\t\t\n<div class=\"row align-center\"  id=\"row-782906406\">\n\n\t<div id=\"col-849084659\" class=\"col medium-5 small-12 large-6\"  >\n\t\t\t\t<div class=\"col-inner text-left\"  >\n\t\t\t\n\t\t\t\n<h1><span style=\"font-size: 250%;\">Sicher. Gesch\u00fctzt.<\/span><\/h1>\n\t\t<\/div>\n\t\t\t\t\n<style>\n#col-849084659 > .col-inner {\n  padding: 0px 0px 0px 0px;\n}\n<\/style>\n\t<\/div>\n\n\t\n\n\t<div id=\"col-1448685908\" class=\"col medium-7 small-12 large-6\"  >\n\t\t\t\t<div class=\"col-inner text-left\"  >\n\t\t\t\n\t\t\t\n<p class=\"lead\">Aktuell sind wir das einzige Unternehmen, das sein Produkt zu 100 % legal versendet. Die Art und Weise, wie wir versenden, entspricht allen Vorschriften, die eine Liefergarantie vorsehen.<\/p>\n\t\t<\/div>\n\t\t\t\t\t<\/div>\n\n\t\n<\/div>\n\t<div id=\"gap-2145105655\" class=\"gap-element clearfix\" style=\"display:block; height:auto;\">\n\t\t\n<style>\n#gap-2145105655 {\n  padding-top: 30px;\n}\n<\/style>\n\t<\/div>\n\t\n<div class=\"row\"  id=\"row-691841136\">\n\n\t<div id=\"col-1815636422\" class=\"col medium-6 small-12 large-6\"  >\n\t\t\t\t<div class=\"col-inner\"  >\n\t\t\t\n\t\t\t\n<h2><span style=\"color: #6fa6d4; font-size: 150%;\">R\u00fccknahmegarantie<\/span><\/h2>\n<p>Wir verkaufen kundenspezifische Produkte, die f\u00fcr jeden einzelnen Kunden individuell vorbereitet werden. Daher bieten wir kein R\u00fcckgaberecht an. Eine R\u00fccksendung von individualisierter Ware ist nicht m\u00f6glich.<\/p>\n\t\t<\/div>\n\t\t\t\t\t<\/div>\n\n\t\n\n\t<div id=\"col-856200025\" class=\"col medium-6 small-12 large-6\"  >\n\t\t\t\t<div class=\"col-inner\"  >\n\t\t\t\n\t\t\t\n<h2><span style=\"color: #6fa6d4; font-size: 150%;\">R\u00fcckgaberecht<\/span><\/h2>\n<p>SYTP bietet keine R\u00fcckerstattung f\u00fcr Waren an, die nicht ordnungsgem\u00e4\u00df verwendet wurden. Wir bieten keine R\u00fcckerstattungen f\u00fcr Artikel, Pakete und\/oder kundenspezifische Waren an. Derzeit bieten wir R\u00fcckerstattungen nur dann an, wenn ein Paket nach einer angemessenen Wartezeit (drei Monate) nicht an seinem endg\u00fcltigen Bestimmungsort ankommt. In diesem Fall erfolgt eine vollst\u00e4ndige R\u00fcckerstattung.<\/p>\n\t\t<\/div>\n\t\t\t\t\t<\/div>\n\n\t\n\n\t<div id=\"col-1734638546\" class=\"col small-12 large-12\"  >\n\t\t\t\t<div class=\"col-inner\"  >\n\t\t\t\n\t\t\t\n<h2><span style=\"color: #6fa6d4; font-size: 150%;\">Lieferbedingungen<\/span><\/h2>\n<p>Aufgrund der Art des Produkts k\u00f6nnen wir Euch nur gesch\u00e4tzte Lieferzeiten geben. Die gesch\u00e4tzte Lieferzeit f\u00fcr die L\u00e4nder betr\u00e4gt durchschnittlich etwa drei Werktage. Nat\u00fcrlich kann es bei den von uns versendeten Waren zu Problemen mit dem Versand kommen. Wir sind darauf spezialisiert, diese Probleme zu l\u00f6sen, da wir sicherstellen, dass alle unsere Produkte auch in den L\u00e4ndern, die wir verkaufen, zu 100 % legal sind.<\/p>\n<p>Dies kann jedoch l\u00e4nger dauern, au\u00dferdem ben\u00f6tigen wir die volle Zusammenarbeit von Kundenseite, um dies erfolgreich zu erleidigen. Die Lieferzeiten k\u00f6nnen also l\u00e4nger als drei Tage dauern, wenn Probleme auftreten. In diesem Fall besteht die einzige M\u00f6glichkeit darin, auf die L\u00f6sung zu warten. Faire Warnung; in einigen F\u00e4llen kann es Wochen oder Monate dauern.<\/p>\n\t\t<\/div>\n\t\t\t\t\t<\/div>\n\n\t\n<\/div>\n\t\t<\/div>\n\n\t\t\n<style>\n#section_753244430 {\n  padding-top: 80px;\n  padding-bottom: 80px;\n  background-color: #273647;\n}\n<\/style>\n\t<\/section>\n\t\n","protected":false},"excerpt":{"rendered":"","protected":false},"author":1,"featured_media":0,"parent":0,"menu_order":0,"comment_status":"closed","ping_status":"closed","template":"page-blank.php","meta":{"footnotes":""},"class_list":["post-1131","page","type-page","status-publish","hentry"],"jetpack_sharing_enabled":true,"_links":{"self":[{"href":"https:\/\/sayyestopyro.com\/de\/wp-json\/wp\/v2\/pages\/1131","targetHints":{"allow":["GET"]}}],"collection":[{"href":"https:\/\/sayyestopyro.com\/de\/wp-json\/wp\/v2\/pages"}],"about":[{"href":"https:\/\/sayyestopyro.com\/de\/wp-json\/wp\/v2\/types\/page"}],"author":[{"embeddable":true,"href":"https:\/\/sayyestopyro.com\/de\/wp-json\/wp\/v2\/users\/1"}],"replies":[{"embeddable":true,"href":"https:\/\/sayyestopyro.com\/de\/wp-json\/wp\/v2\/comments?post=1131"}],"version-history":[{"count":30,"href":"https:\/\/sayyestopyro.com\/de\/wp-json\/wp\/v2\/pages\/1131\/revisions"}],"predecessor-version":[{"id":2830,"href":"https:\/\/sayyestopyro.com\/de\/wp-json\/wp\/v2\/pages\/1131\/revisions\/2830"}],"wp:attachment":[{"href":"https:\/\/sayyestopyro.com\/de\/wp-json\/wp\/v2\/media?parent=1131"}],"curies":[{"name":"wp","href":"https:\/\/api.w.org\/{rel}","templated":true}]}}