{"id":1043,"date":"2022-09-28T14:34:12","date_gmt":"2022-09-28T12:34:12","guid":{"rendered":"https:\/\/dev.sayyestopyro.com\/product\/flare-mr-light-2\/"},"modified":"2026-04-15T19:20:57","modified_gmt":"2026-04-15T17:20:57","slug":"flare-mr-light-2","status":"publish","type":"product","link":"https:\/\/sayyestopyro.com\/de\/produkt\/flare-mr-light-2\/","title":{"rendered":"Flare Mr. Light 2"},"content":{"rendered":"\n\t<section class=\"section\" id=\"section_1039201245\">\n\t\t<div class=\"section-bg fill\" >\n\t\t\t\t\t\t\t\t\t\n\t\t\t\n\n\t\t<\/div>\n\n\t\t\n\n\t\t<div class=\"section-content relative\">\n\t\t\t\n\t<div id=\"gap-1777602354\" class=\"gap-element clearfix\" style=\"display:block; height:auto;\">\n\t\t\n<style>\n#gap-1777602354 {\n  padding-top: 30px;\n}\n<\/style>\n\t<\/div>\n\t\n<div class=\"row row-small align-middle\"  id=\"row-895171437\">\n\n\t<div id=\"col-884599026\" class=\"col medium-6 small-12 large-3\"  >\n\t\t\t\t<div class=\"col-inner\"  >\n\t\t\t\n\t\t\t\n\n  <div class=\"banner has-hover\" id=\"banner-1707325827\">\n          <div class=\"banner-inner fill\">\n        <div class=\"banner-bg fill\" >\n            <img loading=\"lazy\" decoding=\"async\" width=\"533\" height=\"800\" src=\"https:\/\/sayyestopyro.com\/wp-content\/uploads\/2022\/09\/R1__7679-533x800.jpg\" class=\"bg attachment-large size-large\" alt=\"\" \/>                                    \n                    <\/div>\n\t\t\n        <div class=\"banner-layers container\">\n            <div class=\"fill banner-link\"><\/div>            \n   <div id=\"text-box-731863058\" class=\"text-box banner-layer x50 md-x50 lg-x50 y50 md-y50 lg-y50 res-text\">\n                                <div class=\"text-box-content text dark\">\n              \n              <div class=\"text-inner text-center\">\n                  \n              <\/div>\n           <\/div>\n                            \n<style>\n#text-box-731863058 {\n  width: 60%;\n}\n#text-box-731863058 .text-box-content {\n  font-size: 100%;\n}\n<\/style>\n    <\/div>\n \n        <\/div>\n      <\/div>\n\n            \n<style>\n#banner-1707325827 {\n  padding-top: 99.99%;\n  background-color: rgb(255, 255, 255);\n}\n#banner-1707325827 .banner-bg img {\n  object-position: 42% 21%;\n}\n@media (min-width:550px) {\n  #banner-1707325827 {\n    padding-top: 400px;\n  }\n}\n@media (min-width:850px) {\n  #banner-1707325827 {\n    padding-top: 300px;\n  }\n}\n<\/style>\n  <\/div>\n\n\n\t\t<\/div>\n\t\t\t\t\t<\/div>\n\n\t\n\n\t<div id=\"col-1388013992\" class=\"col medium-6 small-12 large-3\"  >\n\t\t\t\t<div class=\"col-inner\"  >\n\t\t\t\n\t\t\t\n\n  <div class=\"banner has-hover\" id=\"banner-590547399\">\n          <div class=\"banner-inner fill\">\n        <div class=\"banner-bg fill\" >\n            <img loading=\"lazy\" decoding=\"async\" width=\"533\" height=\"800\" src=\"https:\/\/sayyestopyro.com\/wp-content\/uploads\/2022\/09\/Zdjecie-06.12.2020-15-21-19-533x800.jpg\" class=\"bg attachment-large size-large\" alt=\"\" \/>                                    \n                    <\/div>\n\t\t\n        <div class=\"banner-layers container\">\n            <div class=\"fill banner-link\"><\/div>            \n        <\/div>\n      <\/div>\n\n            \n<style>\n#banner-590547399 {\n  padding-top: 99.99%;\n  background-color: rgb(255, 255, 255);\n}\n#banner-590547399 .banner-bg img {\n  object-position: 50% 78%;\n}\n@media (min-width:550px) {\n  #banner-590547399 {\n    padding-top: 400px;\n  }\n}\n@media (min-width:850px) {\n  #banner-590547399 {\n    padding-top: 420px;\n  }\n}\n<\/style>\n  <\/div>\n\n\n\t\t<\/div>\n\t\t\t\t\t<\/div>\n\n\t\n\n\t<div id=\"col-1783801510\" class=\"col medium-12 small-12 large-6\"  >\n\t\t\t\t<div class=\"col-inner\"  >\n\t\t\t\n\t\t\t\n\t<div id=\"gap-26224744\" class=\"gap-element clearfix\" style=\"display:block; height:auto;\">\n\t\t\n<style>\n#gap-26224744 {\n  padding-top: 15px;\n}\n@media (min-width:850px) {\n  #gap-26224744 {\n    padding-top: 30px;\n  }\n}\n<\/style>\n\t<\/div>\n\t\n\t<div id=\"text-183475469\" class=\"text\">\n\t\t\n<h2>Flare Mr. Light 2<\/h2>\n\t\t\n<style>\n#text-183475469 {\n  font-size: 1.5rem;\n}\n<\/style>\n\t<\/div>\n\t\n<p>Dies ist die billigste Fackel mit professionellem Material, die man kaufen kann. Die brennt ca. 60 Sekunden. Dieses Produkt wird f\u00fcr den Einsatz an Land hergestellt und besteht daher aus einem dichten Karton mit einem Kunststoffgriff. Wir haben dieses Produkt f\u00fcr Euch ausgew\u00e4hlt, weil es ein hervorragendes Preis- \/ Leistungsverh\u00e4ltnis aufweist. Die Fackel brennt mit einer extrem hellen Leuchtkraft von 8.000 Candela. Die Flamme hat je nach gew\u00e4hlter Farbe eine helle Farbe. Als Bonus st\u00f6\u00dft jede Fackel eine gro\u00dfe Menge wei\u00dfen Rauches aus. Die Kombination aus farbigem Licht und wei\u00dfem Rauch sorgt f\u00fcr einen erstaunlichen Anblick.<\/p>\n<p>Dieses Produkt wird unter der Ber\u00fccksichtigung von hohen Qualit\u00e4t in Europa hergestellt (CE-gestempelt). Dies bedeutet, dass dieses Produkt in jedem Land der EU legal zu besitzen und mitzunehmen ist. Es wird mit dem einfach zu bedienenden Reibez\u00fcnder hergestellt. Eine der besten Eigenschaften dieser Fackel ist, dass der Kunststoffgriff und die Fackel auseinanderfallen. Dies macht sie extrem klein f\u00fcr dich, in die Tasche zu stecken und \u00fcberall hin mitzunehmen, wohin du brauchst. Allerdings: Achtung: Nicht ohne Kunststoffgriff verwenden!<\/p>\n\t\t<\/div>\n\t\t\t\t\n<style>\n#col-1783801510 > .col-inner {\n  padding: 0px 0px 0px 0;\n}\n@media (min-width:850px) {\n  #col-1783801510 > .col-inner {\n    padding: 0px 0px 0px 10%;\n  }\n}\n<\/style>\n\t<\/div>\n\n\t\n<\/div>\n\t\t<\/div>\n\n\t\t\n<style>\n#section_1039201245 {\n  padding-top: 30px;\n  padding-bottom: 30px;\n}\n<\/style>\n\t<\/section>\n\t\n","protected":false},"excerpt":{"rendered":"<p>Diese Fackel erzeugt ein extrem helles 8.000 Candela Licht, die ca. 60 Sekunden brennt. Dieses Produkt wird f\u00fcr den Einsatz an Land hergestellt und besteht daher aus einem dichten Karton mit einem Kunststoffgriff. Die Flamme hat je nach gew\u00e4hlter Farbe eine helle Farbe. Als Bonus st\u00f6\u00dft jede Fackel eine gro\u00dfe Menge wei\u00dfen Rauches aus.<\/p>\n","protected":false},"featured_media":889,"comment_status":"open","ping_status":"closed","template":"","meta":[],"product_brand":[],"product_cat":[120],"product_tag":[],"class_list":{"0":"post-1043","1":"product","2":"type-product","3":"status-publish","4":"has-post-thumbnail","6":"product_cat-fackeln","7":"pa_color-blau","8":"pa_color-gelb","9":"pa_color-grun","10":"pa_color-rot","11":"pa_color-weiss","13":"first","14":"instock","15":"taxable","16":"shipping-taxable","17":"purchasable","18":"product-type-variable","19":"has-default-attributes"},"bundled_by":["12900","12900","12900","12900","12900","12901","12901","12901","12901","12901","12902","12902","12902","12902","12902","12903","12903","12903","12903","12903"],"bundle_stock_status":"instock","bundle_stock_quantity":null,"bundle_virtual":false,"bundle_layout":"","bundle_add_to_cart_form_location":"","bundle_editable_in_cart":false,"bundle_sold_individually_context":"","bundle_item_grouping":"","bundle_min_size":"","bundle_max_size":"","bundle_price":[],"bundled_items":[],"bundle_sell_ids":[],"jetpack_sharing_enabled":true,"_links":{"self":[{"href":"https:\/\/sayyestopyro.com\/de\/wp-json\/wp\/v2\/product\/1043","targetHints":{"allow":["GET"]}}],"collection":[{"href":"https:\/\/sayyestopyro.com\/de\/wp-json\/wp\/v2\/product"}],"about":[{"href":"https:\/\/sayyestopyro.com\/de\/wp-json\/wp\/v2\/types\/product"}],"replies":[{"embeddable":true,"href":"https:\/\/sayyestopyro.com\/de\/wp-json\/wp\/v2\/comments?post=1043"}],"wp:featuredmedia":[{"embeddable":true,"href":"https:\/\/sayyestopyro.com\/de\/wp-json\/wp\/v2\/media\/889"}],"wp:attachment":[{"href":"https:\/\/sayyestopyro.com\/de\/wp-json\/wp\/v2\/media?parent=1043"}],"wp:term":[{"taxonomy":"product_brand","embeddable":true,"href":"https:\/\/sayyestopyro.com\/de\/wp-json\/wp\/v2\/product_brand?post=1043"},{"taxonomy":"product_cat","embeddable":true,"href":"https:\/\/sayyestopyro.com\/de\/wp-json\/wp\/v2\/product_cat?post=1043"},{"taxonomy":"product_tag","embeddable":true,"href":"https:\/\/sayyestopyro.com\/de\/wp-json\/wp\/v2\/product_tag?post=1043"}],"curies":[{"name":"wp","href":"https:\/\/api.w.org\/{rel}","templated":true}]}}