{"id":1057,"date":"2022-09-28T14:34:13","date_gmt":"2022-09-28T12:34:13","guid":{"rendered":"https:\/\/dev.sayyestopyro.com\/product\/smoke-1\/"},"modified":"2026-04-18T06:19:27","modified_gmt":"2026-04-18T04:19:27","slug":"smoke-1","status":"publish","type":"product","link":"https:\/\/sayyestopyro.com\/de\/produkt\/smoke-1\/","title":{"rendered":"Smoke 1"},"content":{"rendered":"\n\t<section class=\"section\" id=\"section_414551249\">\n\t\t<div class=\"section-bg fill\" >\n\t\t\t\t\t\t\t\t\t\n\t\t\t\n\n\t\t<\/div>\n\n\t\t\n\n\t\t<div class=\"section-content relative\">\n\t\t\t\n\t<div id=\"gap-1416979368\" class=\"gap-element clearfix\" style=\"display:block; height:auto;\">\n\t\t\n<style>\n#gap-1416979368 {\n  padding-top: 30px;\n}\n<\/style>\n\t<\/div>\n\t\n<div class=\"row row-small align-middle\"  id=\"row-402685105\">\n\n\t<div id=\"col-1374837155\" class=\"col medium-6 small-12 large-3\"  >\n\t\t\t\t<div class=\"col-inner\"  >\n\t\t\t\n\t\t\t\n\n  <div class=\"banner has-hover\" id=\"banner-2000508094\">\n          <div class=\"banner-inner fill\">\n        <div class=\"banner-bg fill\" >\n            <img loading=\"lazy\" decoding=\"async\" width=\"533\" height=\"800\" src=\"https:\/\/sayyestopyro.com\/wp-content\/uploads\/2022\/09\/R1__7405-533x800.jpg\" class=\"bg attachment-large size-large\" alt=\"\" \/>                                    \n                    <\/div>\n\t\t\n        <div class=\"banner-layers container\">\n            <div class=\"fill banner-link\"><\/div>            \n        <\/div>\n      <\/div>\n\n            \n<style>\n#banner-2000508094 {\n  padding-top: 99.99%;\n  background-color: rgb(255, 255, 255);\n}\n#banner-2000508094 .banner-bg img {\n  object-position: 42% 21%;\n}\n@media (min-width:550px) {\n  #banner-2000508094 {\n    padding-top: 400px;\n  }\n}\n@media (min-width:850px) {\n  #banner-2000508094 {\n    padding-top: 300px;\n  }\n}\n<\/style>\n  <\/div>\n\n\n\t\t<\/div>\n\t\t\t\t\t<\/div>\n\n\t\n\n\t<div id=\"col-1589194119\" class=\"col medium-6 small-12 large-3\"  >\n\t\t\t\t<div class=\"col-inner\"  >\n\t\t\t\n\t\t\t\n\n  <div class=\"banner has-hover\" id=\"banner-1867487856\">\n          <div class=\"banner-inner fill\">\n        <div class=\"banner-bg fill\" >\n            <img loading=\"lazy\" decoding=\"async\" width=\"533\" height=\"800\" src=\"https:\/\/sayyestopyro.com\/wp-content\/uploads\/2022\/09\/R1__7097-533x800.jpg\" class=\"bg attachment-large size-large\" alt=\"\" \/>                                    \n                    <\/div>\n\t\t\n        <div class=\"banner-layers container\">\n            <div class=\"fill banner-link\"><\/div>            \n        <\/div>\n      <\/div>\n\n            \n<style>\n#banner-1867487856 {\n  padding-top: 99.99%;\n  background-color: rgb(255, 255, 255);\n}\n#banner-1867487856 .banner-bg img {\n  object-position: 50% 78%;\n}\n@media (min-width:550px) {\n  #banner-1867487856 {\n    padding-top: 400px;\n  }\n}\n@media (min-width:850px) {\n  #banner-1867487856 {\n    padding-top: 420px;\n  }\n}\n<\/style>\n  <\/div>\n\n\n\t\t<\/div>\n\t\t\t\t\t<\/div>\n\n\t\n\n\t<div id=\"col-1748352759\" class=\"col medium-12 small-12 large-6\"  >\n\t\t\t\t<div class=\"col-inner\"  >\n\t\t\t\n\t\t\t\n\t<div id=\"gap-1647804901\" class=\"gap-element clearfix\" style=\"display:block; height:auto;\">\n\t\t\n<style>\n#gap-1647804901 {\n  padding-top: 15px;\n}\n@media (min-width:850px) {\n  #gap-1647804901 {\n    padding-top: 30px;\n  }\n}\n<\/style>\n\t<\/div>\n\t\n\t<div id=\"text-3828513222\" class=\"text\">\n\t\t\n<h2>Smoke 1<\/h2>\n\t\t\n<style>\n#text-3828513222 {\n  font-size: 1.5rem;\n}\n<\/style>\n\t<\/div>\n\t\n<p>Die Smoke 1 Handrauchfackel ist die billigste, die wir auf Lager haben. Wir haben es f\u00fcr Euch ausgew\u00e4hlt, weil wir glauben, dass ihre Spezifikationen f\u00fcr Euch gefallen wird! Die Rauchfackel st\u00f6\u00dft 60 Sekunden farbigen Rauch in ziemlich hohem Volumen aus. Die Farben des Rauches sind sehr hell. Nat\u00fcrlich ist das ber\u00fchmte orangefarbene Rauchsignal hier, aber wir haben eine gro\u00dfe Auswahl an anderen Farben.<\/p>\n<p>Nat\u00fcrlich wird dieses Produkt unter der Ber\u00fccksichtigung von hoher Qualit\u00e4t in Europa hergestellt (CE-gestempelt). Dies bedeutet, dass dieses Produkt in jedem Land der EU legal zu besitzen und mitzunehmen ist. Es wird mit dem einfach zu bedienenden Reibez\u00fcnder hergestellt. Das Smoke 1-Signal wird zur Verwendung in der Hand erzeugt, aber ihr k\u00f6nnt es auch werfen. Diese Art von Handzeichen wird f\u00fcr den Einsatz im Freien hergestellt und besteht daher aus einem dichten Karton mit beidseitigen Plastikkappen.<\/p>\n\t\t<\/div>\n\t\t\t\t\n<style>\n#col-1748352759 > .col-inner {\n  padding: 0px 0px 0px 0;\n}\n@media (min-width:850px) {\n  #col-1748352759 > .col-inner {\n    padding: 0px 0px 0px 10%;\n  }\n}\n<\/style>\n\t<\/div>\n\n\t\n<\/div>\n\t\t<\/div>\n\n\t\t\n<style>\n#section_414551249 {\n  padding-top: 30px;\n  padding-bottom: 30px;\n}\n<\/style>\n\t<\/section>\n\t\n","protected":false},"excerpt":{"rendered":"<p>Die Rauchfackel Smoke 1 gibt 60 Sekunden lang einen farbigen Rauch in einem sch\u00f6nen Volumen ab. Die Farben des Rauches sind sehr hell. Nat\u00fcrlich ist das ber\u00fchmte orangefarbene Rauchsignal hier, aber wir haben eine gro\u00dfe Auswahl an anderen Farben.<\/p>\n","protected":false},"featured_media":825,"comment_status":"open","ping_status":"closed","template":"","meta":[],"product_brand":[],"product_cat":[121],"product_tag":[],"class_list":{"0":"post-1057","1":"product","2":"type-product","3":"status-publish","4":"has-post-thumbnail","6":"product_cat-rauch","7":"pa_color-blau","8":"pa_color-gelb","9":"pa_color-granat","10":"pa_color-grun","11":"pa_color-himmelblau","12":"pa_color-orange-de","13":"pa_color-rosa","14":"pa_color-rot","15":"pa_color-schwarz","16":"pa_color-violett","17":"pa_color-weiss","19":"first","20":"instock","21":"taxable","22":"shipping-taxable","23":"purchasable","24":"product-type-variable"},"bundled_by":["12912","12912","12912","12912","12912","12912","12912","12912","12912","12912","12912","12913","12913","12913","12913","12913","12913","12913","12913","12913","12913","12913","12914","12914","12914","12914","12914","12914","12914","12914","12914","12914","12914","12915","12915","12915","12915","12915","12915","12915","12915","12915","12915","12915"],"bundle_stock_status":"instock","bundle_stock_quantity":null,"bundle_virtual":false,"bundle_layout":"","bundle_add_to_cart_form_location":"","bundle_editable_in_cart":false,"bundle_sold_individually_context":"","bundle_item_grouping":"","bundle_min_size":"","bundle_max_size":"","bundle_price":[],"bundled_items":[],"bundle_sell_ids":[],"jetpack_sharing_enabled":true,"_links":{"self":[{"href":"https:\/\/sayyestopyro.com\/de\/wp-json\/wp\/v2\/product\/1057","targetHints":{"allow":["GET"]}}],"collection":[{"href":"https:\/\/sayyestopyro.com\/de\/wp-json\/wp\/v2\/product"}],"about":[{"href":"https:\/\/sayyestopyro.com\/de\/wp-json\/wp\/v2\/types\/product"}],"replies":[{"embeddable":true,"href":"https:\/\/sayyestopyro.com\/de\/wp-json\/wp\/v2\/comments?post=1057"}],"wp:featuredmedia":[{"embeddable":true,"href":"https:\/\/sayyestopyro.com\/de\/wp-json\/wp\/v2\/media\/825"}],"wp:attachment":[{"href":"https:\/\/sayyestopyro.com\/de\/wp-json\/wp\/v2\/media?parent=1057"}],"wp:term":[{"taxonomy":"product_brand","embeddable":true,"href":"https:\/\/sayyestopyro.com\/de\/wp-json\/wp\/v2\/product_brand?post=1057"},{"taxonomy":"product_cat","embeddable":true,"href":"https:\/\/sayyestopyro.com\/de\/wp-json\/wp\/v2\/product_cat?post=1057"},{"taxonomy":"product_tag","embeddable":true,"href":"https:\/\/sayyestopyro.com\/de\/wp-json\/wp\/v2\/product_tag?post=1057"}],"curies":[{"name":"wp","href":"https:\/\/api.w.org\/{rel}","templated":true}]}}