{"id":1069,"date":"2022-09-28T14:34:14","date_gmt":"2022-09-28T12:34:14","guid":{"rendered":"https:\/\/dev.sayyestopyro.com\/product\/vulcan-3\/"},"modified":"2026-04-02T08:38:33","modified_gmt":"2026-04-02T06:38:33","slug":"vulcan-3","status":"publish","type":"product","link":"https:\/\/sayyestopyro.com\/de\/produkt\/vulcan-3\/","title":{"rendered":"Vulcan 3"},"content":{"rendered":"\n\t<section class=\"section dark\" id=\"section_1873723254\">\n\t\t<div class=\"section-bg fill\" >\n\t\t\t<img loading=\"lazy\" decoding=\"async\" width=\"1707\" height=\"2560\" src=\"https:\/\/sayyestopyro.com\/wp-content\/uploads\/2022\/09\/Zdjecie-06.12.2020-14-40-13-scaled.jpg\" class=\"bg attachment- size-\" alt=\"\" \/>\t\t\t\t\t\t<div class=\"section-bg-overlay absolute fill\"><\/div>\n\t\t\t\n\n\t\t<\/div>\n\n\t\t\n\n\t\t<div class=\"section-content relative\">\n\t\t\t\n\t<div id=\"gap-1844526417\" class=\"gap-element clearfix\" style=\"display:block; height:auto;\">\n\t\t\n<style>\n#gap-1844526417 {\n  padding-top: 30px;\n}\n<\/style>\n\t<\/div>\n\t\n<div class=\"row align-center\"  id=\"row-1003037472\">\n\n\t<div id=\"col-1727403412\" class=\"col medium-9 small-12 large-7\"  >\n\t\t\t\t<div class=\"col-inner text-center\"  >\n\t\t\t\n\t\t\t\n\t<div id=\"text-1961704914\" class=\"text\">\n\t\t\n<h6>say yes to<\/h6>\n\t\t\n<style>\n#text-1961704914 {\n  line-height: 1;\n}\n<\/style>\n\t<\/div>\n\t\n\t<div id=\"text-46137690\" class=\"text\">\n\t\t\n<h3>Vulcan 3<\/h3>\n\t\t\n<style>\n#text-46137690 {\n  font-size: 2.75rem;\n  line-height: 1;\n}\n<\/style>\n\t<\/div>\n\t\n<p>Das ist der Raucherzeuger, den ihr unbedingt haben wollt. Benannt als Vulkan und es ist wirklich ein Rauchvulkan. Ja, es kann teuer aussehen, aber ihr werdet nicht entt\u00e4uscht sein. Wenn ihr nach einem Rauch sucht, den ihr leicht mitbringen k\u00f6nnt: Dies ist nicht der richtige. Die Gr\u00f6\u00dfe des Produkts ist enorm, ebenso wie die Menge an Rauch, die produziert wird! 180 Sekunden des besten farbigen Rauches, den ihr jemals in eurem Leben sehen k\u00f6nnt.<\/p>\n<p>Dieses Produkt wird in Europa hergestellt (CE-Stempel). Dies bedeutet, dass dieses Produkt in jedem Land der EU legal zu besitzen und mitzunehmen ist. Es wird mit dem einfach zu bedienenden Z\u00fcndger\u00e4t hergestellt. Das Smoke 3-Signal wird zur Verwendung im Freien erzeugt oder kann nach der Z\u00fcndung geworfen werden, wenn ihr wollt. F\u00fcr die Draufg\u00e4nger: Es ist m\u00f6glich, die obere Kappe auf die Unterseite zu setzen und sie als Sicherheitsgriff zu verwenden, damit ihr sie in der Hand halten k\u00f6nnt. Diese Art von Handsignal wird mit allen Spezifikationen erzeugt, die in den Bestimmungen des Internationales \u00dcbereinkommen von 1974 zum Schutz des menschlichen Lebens auf See (SOLAS) festgelegt sind. Bestimmung; es kann schwimmen. Das Z\u00fcndger\u00e4t ist so gebaut, dass es unter allen Umst\u00e4nden ausgel\u00f6st werden kann.<\/p>\n<div class=\"video-button-wrapper\"><a href=\"https:\/\/www.youtube.com\/watch?v=Zs2qJtj7c8g\" class=\"button open-video icon circle is-outline is-xlarge\" role=\"button\" aria-label=\"Open video in lightbox\" data-flatsome-role-button><i class=\"icon-play\" aria-hidden=\"true\" style=\"font-size:1.5em;\"><\/i><\/a><\/div>\n\t\t<\/div>\n\t\t\t\t\t<\/div>\n\n\t\n<\/div>\n\t\t<\/div>\n\n\t\t\n<style>\n#section_1873723254 {\n  padding-top: 30px;\n  padding-bottom: 30px;\n  min-height: 600px;\n}\n#section_1873723254 .section-bg-overlay {\n  background-color: rgba(51, 45, 45, 0.75);\n}\n@media (min-width:850px) {\n  #section_1873723254 {\n    min-height: 900px;\n  }\n}\n<\/style>\n\t<\/section>\n\t\n","protected":false},"excerpt":{"rendered":"<p>Das ist der Raucherzeuger, den ihr unbedingt haben wollt. Benannt den Vulkanier und er ist wirklich ein Rauch- Vulkanier. Ja, es kann teuer aussehen, aber ihr werdet nicht entt\u00e4uscht sein. 180 Sekunden des besten farbigen Rauches, den ihr jemals in eurem Leben sehen k\u00f6nnt.<\/p>\n","protected":false},"featured_media":15131,"comment_status":"open","ping_status":"closed","template":"","meta":[],"product_brand":[],"product_cat":[121],"product_tag":[],"class_list":{"0":"post-1069","1":"product","2":"type-product","3":"status-publish","4":"has-post-thumbnail","6":"product_cat-rauch","7":"pa_color-blau","8":"pa_color-gelb","9":"pa_color-granat","10":"pa_color-grun","11":"pa_color-himmelblau","12":"pa_color-orange-de","13":"pa_color-rosa","14":"pa_color-rot","15":"pa_color-schwarz","16":"pa_color-violett","17":"pa_color-weiss","19":"first","20":"instock","21":"taxable","22":"shipping-taxable","23":"purchasable","24":"product-type-variable"},"bundled_by":[],"bundle_stock_status":"instock","bundle_stock_quantity":null,"bundle_virtual":false,"bundle_layout":"","bundle_add_to_cart_form_location":"","bundle_editable_in_cart":false,"bundle_sold_individually_context":"","bundle_item_grouping":"","bundle_min_size":"","bundle_max_size":"","bundle_price":[],"bundled_items":[],"bundle_sell_ids":[],"jetpack_sharing_enabled":true,"_links":{"self":[{"href":"https:\/\/sayyestopyro.com\/de\/wp-json\/wp\/v2\/product\/1069","targetHints":{"allow":["GET"]}}],"collection":[{"href":"https:\/\/sayyestopyro.com\/de\/wp-json\/wp\/v2\/product"}],"about":[{"href":"https:\/\/sayyestopyro.com\/de\/wp-json\/wp\/v2\/types\/product"}],"replies":[{"embeddable":true,"href":"https:\/\/sayyestopyro.com\/de\/wp-json\/wp\/v2\/comments?post=1069"}],"wp:featuredmedia":[{"embeddable":true,"href":"https:\/\/sayyestopyro.com\/de\/wp-json\/wp\/v2\/media\/15131"}],"wp:attachment":[{"href":"https:\/\/sayyestopyro.com\/de\/wp-json\/wp\/v2\/media?parent=1069"}],"wp:term":[{"taxonomy":"product_brand","embeddable":true,"href":"https:\/\/sayyestopyro.com\/de\/wp-json\/wp\/v2\/product_brand?post=1069"},{"taxonomy":"product_cat","embeddable":true,"href":"https:\/\/sayyestopyro.com\/de\/wp-json\/wp\/v2\/product_cat?post=1069"},{"taxonomy":"product_tag","embeddable":true,"href":"https:\/\/sayyestopyro.com\/de\/wp-json\/wp\/v2\/product_tag?post=1069"}],"curies":[{"name":"wp","href":"https:\/\/api.w.org\/{rel}","templated":true}]}}