{"id":1088,"date":"2022-09-28T14:34:14","date_gmt":"2022-09-28T12:34:14","guid":{"rendered":"https:\/\/dev.sayyestopyro.com\/product\/smoke-3\/"},"modified":"2026-04-18T06:19:27","modified_gmt":"2026-04-18T04:19:27","slug":"smoke-3","status":"publish","type":"product","link":"https:\/\/sayyestopyro.com\/de\/produkt\/smoke-3\/","title":{"rendered":"Smoke 3"},"content":{"rendered":"\n\t<section class=\"section\" id=\"section_892837645\">\n\t\t<div class=\"section-bg fill\" >\n\t\t\t\t\t\t\t\t\t\n\t\t\t\n\n\t\t<\/div>\n\n\t\t\n\n\t\t<div class=\"section-content relative\">\n\t\t\t\n\t<div id=\"gap-1567739533\" class=\"gap-element clearfix\" style=\"display:block; height:auto;\">\n\t\t\n<style>\n#gap-1567739533 {\n  padding-top: 30px;\n}\n<\/style>\n\t<\/div>\n\t\n<div class=\"row row-small align-middle\"  id=\"row-1982593927\">\n\n\t<div id=\"col-85900133\" class=\"col medium-6 small-12 large-3\"  >\n\t\t\t\t<div class=\"col-inner\"  >\n\t\t\t\n\t\t\t\n\n  <div class=\"banner has-hover\" id=\"banner-817805959\">\n          <div class=\"banner-inner fill\">\n        <div class=\"banner-bg fill\" >\n            <img loading=\"lazy\" decoding=\"async\" width=\"533\" height=\"800\" src=\"https:\/\/sayyestopyro.com\/wp-content\/uploads\/2022\/09\/Zdjecie-06.12.2020-15-04-41-533x800.jpg\" class=\"bg attachment-large size-large\" alt=\"\" \/>                        <div class=\"overlay\"><\/div>            \n                    <\/div>\n\t\t\n        <div class=\"banner-layers container\">\n            <div class=\"fill banner-link\"><\/div>            \n   <div id=\"text-box-951204684\" class=\"text-box banner-layer x50 md-x50 lg-x50 y50 md-y50 lg-y50 res-text\">\n                                <div class=\"text-box-content text dark\">\n              \n              <div class=\"text-inner text-center\">\n                  \n<div class=\"video-button-wrapper\"><a href=\"https:\/\/www.youtube.com\/watch?v=kLN5PW73ImQ\" class=\"button open-video icon circle is-outline is-xlarge\" role=\"button\" aria-label=\"Open video in lightbox\" data-flatsome-role-button><i class=\"icon-play\" aria-hidden=\"true\" style=\"font-size:1.5em;\"><\/i><\/a><\/div>\n              <\/div>\n           <\/div>\n                            \n<style>\n#text-box-951204684 {\n  width: 60%;\n}\n#text-box-951204684 .text-box-content {\n  font-size: 100%;\n}\n<\/style>\n    <\/div>\n \n        <\/div>\n      <\/div>\n\n            \n<style>\n#banner-817805959 {\n  padding-top: 99.99%;\n  background-color: rgb(255, 255, 255);\n}\n#banner-817805959 .overlay {\n  background-color: rgba(0, 0, 0, 0.645);\n}\n#banner-817805959 .banner-bg img {\n  object-position: 42% 21%;\n}\n@media (min-width:550px) {\n  #banner-817805959 {\n    padding-top: 400px;\n  }\n}\n@media (min-width:850px) {\n  #banner-817805959 {\n    padding-top: 300px;\n  }\n}\n<\/style>\n  <\/div>\n\n\n\t\t<\/div>\n\t\t\t\t\t<\/div>\n\n\t\n\n\t<div id=\"col-1255270001\" class=\"col medium-6 small-12 large-3\"  >\n\t\t\t\t<div class=\"col-inner\"  >\n\t\t\t\n\t\t\t\n\n  <div class=\"banner has-hover\" id=\"banner-1522844885\">\n          <div class=\"banner-inner fill\">\n        <div class=\"banner-bg fill\" >\n            <img loading=\"lazy\" decoding=\"async\" width=\"533\" height=\"800\" src=\"https:\/\/sayyestopyro.com\/wp-content\/uploads\/2022\/09\/Zdjecie-06.12.2020-14-00-32-533x800.jpg\" class=\"bg attachment-large size-large\" alt=\"\" \/>                                    \n                    <\/div>\n\t\t\n        <div class=\"banner-layers container\">\n            <div class=\"fill banner-link\"><\/div>            \n        <\/div>\n      <\/div>\n\n            \n<style>\n#banner-1522844885 {\n  padding-top: 99.99%;\n  background-color: rgb(255, 255, 255);\n}\n#banner-1522844885 .banner-bg img {\n  object-position: 50% 78%;\n}\n@media (min-width:550px) {\n  #banner-1522844885 {\n    padding-top: 400px;\n  }\n}\n@media (min-width:850px) {\n  #banner-1522844885 {\n    padding-top: 420px;\n  }\n}\n<\/style>\n  <\/div>\n\n\n\t\t<\/div>\n\t\t\t\t\t<\/div>\n\n\t\n\n\t<div id=\"col-1932479929\" class=\"col medium-12 small-12 large-6\"  >\n\t\t\t\t<div class=\"col-inner\"  >\n\t\t\t\n\t\t\t\n\t<div id=\"gap-859234466\" class=\"gap-element clearfix\" style=\"display:block; height:auto;\">\n\t\t\n<style>\n#gap-859234466 {\n  padding-top: 15px;\n}\n@media (min-width:850px) {\n  #gap-859234466 {\n    padding-top: 30px;\n  }\n}\n<\/style>\n\t<\/div>\n\t\n\t<div id=\"text-12426492\" class=\"text\">\n\t\t\n<h2>Smoke 3<\/h2>\n\t\t\n<style>\n#text-12426492 {\n  font-size: 1.5rem;\n}\n<\/style>\n\t<\/div>\n\t\n<p>Das Smoke 3 ist ein etwas gr\u00f6\u00dferer Raucherzeuger als der kleine Bruder Smoke 2. Dieses Produkt ist etwas gr\u00f6\u00dfer und daher etwas besser, wenn ihr eine Fata Morgana aus Rauch erzeugen wollt. 120 Sekunden reiner und heller intensiver Rauch. Die gro\u00dfen Rauchwolken werden immer weitergehen. Es wird sich wie eine Ewigkeit anf\u00fchlen.  Das Produkt ist leicht mitzunehmen.<\/p>\n<p>Dieses Produkt wird in Europa hergestellt (CE-Stempel). Dies bedeutet, dass dieses Produkt in jedem Land der EU legal zu besitzen und mitzunehmen ist. Es wird mit dem einfach zu bedienenden Z\u00fcndger\u00e4t hergestellt. Das Smoke 3-Signal wird zur Verwendung im Freien erzeugt oder kann nach der Z\u00fcndung geworfen werden, wenn ihr wollt. F\u00fcr die Draufg\u00e4nger: Es ist m\u00f6glich, die obere Kappe auf die Unterseite zu setzen und sie als Sicherheitsgriff zu verwenden, damit ihr sie in der Hand halten k\u00f6nnt. Diese Art von Handsignal wird mit allen Spezifikationen erzeugt, die in den Bestimmungen des Internationales \u00dcbereinkommen von 1974 zum Schutz des menschlichen Lebens auf See (SOLAS) festgelegt sind. Bestimmung; es kann schwimmen. Das Z\u00fcndger\u00e4t ist so gebaut, dass es unter allen Umst\u00e4nden ausgel\u00f6st werden kann.<\/p>\n\t\t<\/div>\n\t\t\t\t\n<style>\n#col-1932479929 > .col-inner {\n  padding: 0px 0px 0px 0;\n}\n@media (min-width:850px) {\n  #col-1932479929 > .col-inner {\n    padding: 0px 0px 0px 10%;\n  }\n}\n<\/style>\n\t<\/div>\n\n\t\n<\/div>\n\t\t<\/div>\n\n\t\t\n<style>\n#section_892837645 {\n  padding-top: 30px;\n  padding-bottom: 30px;\n}\n<\/style>\n\t<\/section>\n\t\n","protected":false},"excerpt":{"rendered":"<p>Der Raucherzeuger ist der gro\u00dfe Bruder von Smoke 2. Dieses Produkt ist etwas gr\u00f6\u00dfer und daher etwas besser, wenn ihr eine Fata Morgana aus Rauch erzeugen wollt. 120 Sekunden reiner und heller intensiver Rauch. Die gro\u00dfen Rauchwolken werden immer weitergehen. Es wird sich wie eine Ewigkeit anf\u00fchlen.  Das Produkt ist leicht mitzunehmen.<\/p>\n","protected":false},"featured_media":833,"comment_status":"open","ping_status":"closed","template":"","meta":[],"product_brand":[],"product_cat":[121],"product_tag":[],"class_list":{"0":"post-1088","1":"product","2":"type-product","3":"status-publish","4":"has-post-thumbnail","6":"product_cat-rauch","7":"pa_color-blau","8":"pa_color-gelb","9":"pa_color-granat","10":"pa_color-grun","11":"pa_color-himmelblau","12":"pa_color-orange-de","13":"pa_color-rosa","14":"pa_color-rot","15":"pa_color-violett","16":"pa_color-weiss","18":"first","19":"instock","20":"taxable","21":"shipping-taxable","22":"purchasable","23":"product-type-variable"},"bundled_by":["12936","12936","12936","12936","12936","12936","12936","12936","12936","12937","12937","12937","12937","12937","12937","12937","12937","12937","12938","12938","12938","12938","12938","12938","12938","12938","12938","12939","12939","12939","12939","12939","12939","12939","12939","12939","12936","12937","12938","12939"],"bundle_stock_status":"instock","bundle_stock_quantity":null,"bundle_virtual":false,"bundle_layout":"","bundle_add_to_cart_form_location":"","bundle_editable_in_cart":false,"bundle_sold_individually_context":"","bundle_item_grouping":"","bundle_min_size":"","bundle_max_size":"","bundle_price":[],"bundled_items":[],"bundle_sell_ids":[],"jetpack_sharing_enabled":true,"_links":{"self":[{"href":"https:\/\/sayyestopyro.com\/de\/wp-json\/wp\/v2\/product\/1088","targetHints":{"allow":["GET"]}}],"collection":[{"href":"https:\/\/sayyestopyro.com\/de\/wp-json\/wp\/v2\/product"}],"about":[{"href":"https:\/\/sayyestopyro.com\/de\/wp-json\/wp\/v2\/types\/product"}],"replies":[{"embeddable":true,"href":"https:\/\/sayyestopyro.com\/de\/wp-json\/wp\/v2\/comments?post=1088"}],"wp:featuredmedia":[{"embeddable":true,"href":"https:\/\/sayyestopyro.com\/de\/wp-json\/wp\/v2\/media\/833"}],"wp:attachment":[{"href":"https:\/\/sayyestopyro.com\/de\/wp-json\/wp\/v2\/media?parent=1088"}],"wp:term":[{"taxonomy":"product_brand","embeddable":true,"href":"https:\/\/sayyestopyro.com\/de\/wp-json\/wp\/v2\/product_brand?post=1088"},{"taxonomy":"product_cat","embeddable":true,"href":"https:\/\/sayyestopyro.com\/de\/wp-json\/wp\/v2\/product_cat?post=1088"},{"taxonomy":"product_tag","embeddable":true,"href":"https:\/\/sayyestopyro.com\/de\/wp-json\/wp\/v2\/product_tag?post=1088"}],"curies":[{"name":"wp","href":"https:\/\/api.w.org\/{rel}","templated":true}]}}