{"id":1099,"date":"2022-09-28T14:34:13","date_gmt":"2022-09-28T12:34:13","guid":{"rendered":"https:\/\/dev.sayyestopyro.com\/product\/smoke-2\/"},"modified":"2026-04-19T21:19:56","modified_gmt":"2026-04-19T19:19:56","slug":"smoke-2","status":"publish","type":"product","link":"https:\/\/sayyestopyro.com\/de\/produkt\/smoke-2\/","title":{"rendered":"Smoke 2"},"content":{"rendered":"\n\t<section class=\"section\" id=\"section_2062180259\">\n\t\t<div class=\"section-bg fill\" >\n\t\t\t\t\t\t\t\t\t\n\t\t\t\n\n\t\t<\/div>\n\n\t\t\n\n\t\t<div class=\"section-content relative\">\n\t\t\t\n\t<div id=\"gap-1666215715\" class=\"gap-element clearfix\" style=\"display:block; height:auto;\">\n\t\t\n<style>\n#gap-1666215715 {\n  padding-top: 30px;\n}\n<\/style>\n\t<\/div>\n\t\n<div class=\"row row-small align-middle\"  id=\"row-461942403\">\n\n\t<div id=\"col-645996015\" class=\"col medium-6 small-12 large-3\"  >\n\t\t\t\t<div class=\"col-inner\"  >\n\t\t\t\n\t\t\t\n\n  <div class=\"banner has-hover\" id=\"banner-1403465141\">\n          <div class=\"banner-inner fill\">\n        <div class=\"banner-bg fill\" >\n            <img loading=\"lazy\" decoding=\"async\" width=\"533\" height=\"800\" src=\"https:\/\/sayyestopyro.com\/wp-content\/uploads\/2022\/09\/R1__7372-533x800.jpg\" class=\"bg attachment-large size-large\" alt=\"\" \/>                        <div class=\"overlay\"><\/div>            \n                    <\/div>\n\t\t\n        <div class=\"banner-layers container\">\n            <div class=\"fill banner-link\"><\/div>            \n   <div id=\"text-box-1122538190\" class=\"text-box banner-layer x50 md-x50 lg-x50 y50 md-y50 lg-y50 res-text\">\n                                <div class=\"text-box-content text dark\">\n              \n              <div class=\"text-inner text-center\">\n                  \n<div class=\"video-button-wrapper\"><a href=\"https:\/\/www.youtube.com\/watch?v=NP9NzbjpBZc\" class=\"button open-video icon circle is-outline is-xlarge\" role=\"button\" aria-label=\"Open video in lightbox\" data-flatsome-role-button><i class=\"icon-play\" aria-hidden=\"true\" style=\"font-size:1.5em;\"><\/i><\/a><\/div>\n              <\/div>\n           <\/div>\n                            \n<style>\n#text-box-1122538190 {\n  width: 60%;\n}\n#text-box-1122538190 .text-box-content {\n  font-size: 100%;\n}\n<\/style>\n    <\/div>\n \n        <\/div>\n      <\/div>\n\n            \n<style>\n#banner-1403465141 {\n  padding-top: 99.99%;\n  background-color: rgb(255, 255, 255);\n}\n#banner-1403465141 .overlay {\n  background-color: rgba(0, 0, 0, 0.645);\n}\n#banner-1403465141 .banner-bg img {\n  object-position: 42% 21%;\n}\n@media (min-width:550px) {\n  #banner-1403465141 {\n    padding-top: 400px;\n  }\n}\n@media (min-width:850px) {\n  #banner-1403465141 {\n    padding-top: 300px;\n  }\n}\n<\/style>\n  <\/div>\n\n\n\t\t<\/div>\n\t\t\t\t\t<\/div>\n\n\t\n\n\t<div id=\"col-209573985\" class=\"col medium-6 small-12 large-3\"  >\n\t\t\t\t<div class=\"col-inner\"  >\n\t\t\t\n\t\t\t\n\n  <div class=\"banner has-hover\" id=\"banner-2077435360\">\n          <div class=\"banner-inner fill\">\n        <div class=\"banner-bg fill\" >\n            <img loading=\"lazy\" decoding=\"async\" width=\"533\" height=\"800\" src=\"https:\/\/sayyestopyro.com\/wp-content\/uploads\/2022\/09\/Zdjecie-06.12.2020-14-21-34-533x800.jpg\" class=\"bg attachment-large size-large\" alt=\"\" \/>                                    \n                    <\/div>\n\t\t\n        <div class=\"banner-layers container\">\n            <div class=\"fill banner-link\"><\/div>            \n        <\/div>\n      <\/div>\n\n            \n<style>\n#banner-2077435360 {\n  padding-top: 99.99%;\n  background-color: rgb(255, 255, 255);\n}\n#banner-2077435360 .banner-bg img {\n  object-position: 50% 78%;\n}\n@media (min-width:550px) {\n  #banner-2077435360 {\n    padding-top: 400px;\n  }\n}\n@media (min-width:850px) {\n  #banner-2077435360 {\n    padding-top: 420px;\n  }\n}\n<\/style>\n  <\/div>\n\n\n\t\t<\/div>\n\t\t\t\t\t<\/div>\n\n\t\n\n\t<div id=\"col-1250194104\" class=\"col medium-12 small-12 large-6\"  >\n\t\t\t\t<div class=\"col-inner\"  >\n\t\t\t\n\t\t\t\n\t<div id=\"gap-1418432963\" class=\"gap-element clearfix\" style=\"display:block; height:auto;\">\n\t\t\n<style>\n#gap-1418432963 {\n  padding-top: 15px;\n}\n@media (min-width:850px) {\n  #gap-1418432963 {\n    padding-top: 30px;\n  }\n}\n<\/style>\n\t<\/div>\n\t\n\t<div id=\"text-3310746603\" class=\"text\">\n\t\t\n<h2>Smoke 2<\/h2>\n\t\t\n<style>\n#text-3310746603 {\n  font-size: 1.5rem;\n}\n<\/style>\n\t<\/div>\n\t\n<p>Smoke 2 ist ein schwimmendes Raucherzeuger mit einem der besten Preis- \/ Leistungsverh\u00e4ltnisse. Es erzeugt eine gro\u00dfe Menge von hellem Rauch zum besten Preis. Die gro\u00dfen Rauchwolken werden euch \u00fcberraschen, weil das Produkt ganz klein ist. Man kann es leicht in eine Tasche mitnehmen.<\/p>\n<p>Nat\u00fcrlich wird dieses Produkt unter der Ber\u00fccksichtigung von hoher Qualit\u00e4t in Europa hergestellt (CE-gestempelt). Dies bedeutet, dass dieses Produkt in jedem Land der EU legal zu besitzen und mitzunehmen ist. Es wird mit dem einfach zu bedienenden Z\u00fcndger\u00e4t hergestellt. Das Smoke 2-Signal wird zur Verwendung am Freien hergestellt. Ihr k\u00f6nnt es auch nach dem Z\u00fcnden werfen. F\u00fcr die Draufg\u00e4nger: Es ist m\u00f6glich, die obere Kappe auf die Unterseite zu setzen und sie als Sicherheitsgriff zu verwenden, damit ihr sie in der Hand halten k\u00f6nnt. Diese Art von Handsignal wird mit allen Spezifikationen erzeugt, die in den Bestimmungen des Internationales \u00dcbereinkommen von 1974 zum Schutz des menschlichen Lebens auf See (SOLAS) festgelegt sind. Bestimmung; es kann schwimmen. Das Z\u00fcndger\u00e4t ist so gebaut, dass es unter allen Umst\u00e4nden ausgel\u00f6st werden kann.<\/p>\n\t\t<\/div>\n\t\t\t\t\n<style>\n#col-1250194104 > .col-inner {\n  padding: 0px 0px 0px 0;\n}\n@media (min-width:850px) {\n  #col-1250194104 > .col-inner {\n    padding: 0px 0px 0px 10%;\n  }\n}\n<\/style>\n\t<\/div>\n\n\t\n<\/div>\n\t\t<\/div>\n\n\t\t\n<style>\n#section_2062180259 {\n  padding-top: 30px;\n  padding-bottom: 30px;\n}\n<\/style>\n\t<\/section>\n\t\n","protected":false},"excerpt":{"rendered":"<p>Der Raucherzeuger Smoke 2 bietet eine gro\u00dfe Menge an hellem Rauch zum besten Preis. Die gro\u00dfen Rauchwolken werden euch \u00fcberraschen, weil das Produkt ganz klein ist. Man kann es leicht in eine Tasche mitnehmen.<\/p>\n","protected":false},"featured_media":829,"comment_status":"open","ping_status":"closed","template":"","meta":[],"product_brand":[],"product_cat":[121],"product_tag":[],"class_list":{"0":"post-1099","1":"product","2":"type-product","3":"status-publish","4":"has-post-thumbnail","6":"product_cat-rauch","7":"pa_color-blau","8":"pa_color-gelb","9":"pa_color-granat","10":"pa_color-grun","11":"pa_color-himmelblau","12":"pa_color-orange-de","13":"pa_color-rosa","14":"pa_color-rot","15":"pa_color-schwarz","16":"pa_color-violett","17":"pa_color-weiss","19":"first","20":"instock","21":"taxable","22":"shipping-taxable","23":"purchasable","24":"product-type-variable"},"bundled_by":["12932","12932","12932","12932","12932","12932","12932","12932","12932","12932","12932","12933","12933","12933","12933","12933","12933","12933","12933","12933","12933","12933","12934","12934","12934","12934","12934","12934","12934","12934","12934","12934","12934","12935","12935","12935","12935","12935","12935","12935","12935","12935","12935","12935"],"bundle_stock_status":"instock","bundle_stock_quantity":null,"bundle_virtual":false,"bundle_layout":"","bundle_add_to_cart_form_location":"","bundle_editable_in_cart":false,"bundle_sold_individually_context":"","bundle_item_grouping":"","bundle_min_size":"","bundle_max_size":"","bundle_price":[],"bundled_items":[],"bundle_sell_ids":[],"jetpack_sharing_enabled":true,"_links":{"self":[{"href":"https:\/\/sayyestopyro.com\/de\/wp-json\/wp\/v2\/product\/1099","targetHints":{"allow":["GET"]}}],"collection":[{"href":"https:\/\/sayyestopyro.com\/de\/wp-json\/wp\/v2\/product"}],"about":[{"href":"https:\/\/sayyestopyro.com\/de\/wp-json\/wp\/v2\/types\/product"}],"replies":[{"embeddable":true,"href":"https:\/\/sayyestopyro.com\/de\/wp-json\/wp\/v2\/comments?post=1099"}],"wp:featuredmedia":[{"embeddable":true,"href":"https:\/\/sayyestopyro.com\/de\/wp-json\/wp\/v2\/media\/829"}],"wp:attachment":[{"href":"https:\/\/sayyestopyro.com\/de\/wp-json\/wp\/v2\/media?parent=1099"}],"wp:term":[{"taxonomy":"product_brand","embeddable":true,"href":"https:\/\/sayyestopyro.com\/de\/wp-json\/wp\/v2\/product_brand?post=1099"},{"taxonomy":"product_cat","embeddable":true,"href":"https:\/\/sayyestopyro.com\/de\/wp-json\/wp\/v2\/product_cat?post=1099"},{"taxonomy":"product_tag","embeddable":true,"href":"https:\/\/sayyestopyro.com\/de\/wp-json\/wp\/v2\/product_tag?post=1099"}],"curies":[{"name":"wp","href":"https:\/\/api.w.org\/{rel}","templated":true}]}}