{"id":1116,"date":"2022-09-28T14:34:12","date_gmt":"2022-09-28T12:34:12","guid":{"rendered":"https:\/\/dev.sayyestopyro.com\/product\/flare-elios-2\/"},"modified":"2026-04-12T12:23:12","modified_gmt":"2026-04-12T10:23:12","slug":"flare-elios-2","status":"publish","type":"product","link":"https:\/\/sayyestopyro.com\/de\/produkt\/flare-elios-2\/","title":{"rendered":"Flare Elios 2"},"content":{"rendered":"\n\t<section class=\"section\" id=\"section_571484003\">\n\t\t<div class=\"section-bg fill\" >\n\t\t\t\t\t\t\t\t\t\n\t\t\t\n\n\t\t<\/div>\n\n\t\t\n\n\t\t<div class=\"section-content relative\">\n\t\t\t\n\t<div id=\"gap-680847339\" class=\"gap-element clearfix\" style=\"display:block; height:auto;\">\n\t\t\n<style>\n#gap-680847339 {\n  padding-top: 30px;\n}\n<\/style>\n\t<\/div>\n\t\n<div class=\"row row-small align-middle\"  id=\"row-934715442\">\n\n\t<div id=\"col-127694709\" class=\"col medium-6 small-12 large-3\"  >\n\t\t\t\t<div class=\"col-inner\"  >\n\t\t\t\n\t\t\t\n\n  <div class=\"banner has-hover\" id=\"banner-668504147\">\n          <div class=\"banner-inner fill\">\n        <div class=\"banner-bg fill\" >\n            <img loading=\"lazy\" decoding=\"async\" width=\"533\" height=\"800\" src=\"https:\/\/sayyestopyro.com\/wp-content\/uploads\/2022\/09\/Zdjecie-06.12.2020-14-26-21-533x800.jpg\" class=\"bg attachment-large size-large\" alt=\"\" \/>                        <div class=\"overlay\"><\/div>            \n                    <\/div>\n\t\t\n        <div class=\"banner-layers container\">\n            <div class=\"fill banner-link\"><\/div>            \n   <div id=\"text-box-628466679\" class=\"text-box banner-layer x50 md-x50 lg-x50 y50 md-y50 lg-y50 res-text\">\n                                <div class=\"text-box-content text dark\">\n              \n              <div class=\"text-inner text-center\">\n                  \n<div class=\"video-button-wrapper\"><a href=\"https:\/\/www.youtube.com\/watch?v=JrnQMXMJ1oM\" class=\"button open-video icon circle is-outline is-xlarge\" role=\"button\" aria-label=\"Open video in lightbox\" data-flatsome-role-button><i class=\"icon-play\" aria-hidden=\"true\" style=\"font-size:1.5em;\"><\/i><\/a><\/div>\n              <\/div>\n           <\/div>\n                            \n<style>\n#text-box-628466679 {\n  width: 60%;\n}\n#text-box-628466679 .text-box-content {\n  font-size: 100%;\n}\n<\/style>\n    <\/div>\n \n        <\/div>\n      <\/div>\n\n            \n<style>\n#banner-668504147 {\n  padding-top: 99.99%;\n  background-color: rgb(255, 255, 255);\n}\n#banner-668504147 .overlay {\n  background-color: rgba(0, 0, 0, 0.645);\n}\n#banner-668504147 .banner-bg img {\n  object-position: 42% 21%;\n}\n@media (min-width:550px) {\n  #banner-668504147 {\n    padding-top: 400px;\n  }\n}\n@media (min-width:850px) {\n  #banner-668504147 {\n    padding-top: 300px;\n  }\n}\n<\/style>\n  <\/div>\n\n\n\t\t<\/div>\n\t\t\t\t\t<\/div>\n\n\t\n\n\t<div id=\"col-1949547818\" class=\"col medium-6 small-12 large-3\"  >\n\t\t\t\t<div class=\"col-inner\"  >\n\t\t\t\n\t\t\t\n\n  <div class=\"banner has-hover\" id=\"banner-1064538078\">\n          <div class=\"banner-inner fill\">\n        <div class=\"banner-bg fill\" >\n            <img loading=\"lazy\" decoding=\"async\" width=\"533\" height=\"800\" src=\"https:\/\/sayyestopyro.com\/wp-content\/uploads\/2022\/10\/R1__6889-533x800.jpg\" class=\"bg attachment-large size-large\" alt=\"\" \/>                                    \n                    <\/div>\n\t\t\n        <div class=\"banner-layers container\">\n            <div class=\"fill banner-link\"><\/div>            \n        <\/div>\n      <\/div>\n\n            \n<style>\n#banner-1064538078 {\n  padding-top: 99.99%;\n  background-color: rgb(255, 255, 255);\n}\n#banner-1064538078 .banner-bg img {\n  object-position: 50% 78%;\n}\n@media (min-width:550px) {\n  #banner-1064538078 {\n    padding-top: 400px;\n  }\n}\n@media (min-width:850px) {\n  #banner-1064538078 {\n    padding-top: 420px;\n  }\n}\n<\/style>\n  <\/div>\n\n\n\t\t<\/div>\n\t\t\t\t\t<\/div>\n\n\t\n\n\t<div id=\"col-1834452680\" class=\"col medium-12 small-12 large-6\"  >\n\t\t\t\t<div class=\"col-inner\"  >\n\t\t\t\n\t\t\t\n\t<div id=\"gap-1237449184\" class=\"gap-element clearfix\" style=\"display:block; height:auto;\">\n\t\t\n<style>\n#gap-1237449184 {\n  padding-top: 15px;\n}\n@media (min-width:850px) {\n  #gap-1237449184 {\n    padding-top: 30px;\n  }\n}\n<\/style>\n\t<\/div>\n\t\n\t<div id=\"text-550205256\" class=\"text\">\n\t\t\n<h2>Flare Elios 2<\/h2>\n\t\t\n<style>\n#text-550205256 {\n  font-size: 1.5rem;\n}\n<\/style>\n\t<\/div>\n\t\n<p>Diese Variante von Handfackel hat einen gr\u00f6\u00dferen Griff. Daf\u00fcr ist dieses Produkt sicherer. Die Elios-Fackel ist vor allem f\u00fcr ihre hochwertigen Eigenschaften bekannt, da sie gem\u00e4\u00df den Bestimmungen des Internationales \u00dcbereinkommen von 1974 zum Schutz des menschlichen Lebens auf See (SOLAS) hergestellt wird. Die Elios ist eine Handfackelart der Aluminiumrohr, die beim Z\u00fcnden 10.000 Candela Licht erzeugt. Es ist ein hei\u00dfes und schnell brennendes Produkt! Die Pyro-Fackel brennt genau 60 Sekunden lang. Dieses Produkt ist in der maritimen Welt sehr beliebt und daher h\u00f6chstwahrscheinlich die ber\u00fchmteste pyrotechnische Fackel der Welt. Was dieses Produkt von den anderen Fackeln unterscheidet, ist, dass es einen gro\u00dfen Griff hat. Ihr m\u00fcsst die Fackel aus dem Griff ziehen, bevor ihr sie verwendet. Dieses Produkt wird unter der Ber\u00fccksichtigung von hohen Qualit\u00e4t in Europa hergestellt (CE-gestempelt). Dies bedeutet, dass dieses Produkt in jedem Land der EU legal zu besitzen und mitzunehmen ist. Es wird mit Zugz\u00fcndung hergestellt, was bedeutet, dass ihr an einer Schnur ziehen m\u00fcsst, um die Fackel in Brand zu setzen. Eine der besten Eigenschaften dieser Fackel ist, dass sie f\u00fcr extreme Umst\u00e4nde hergestellt wird, besitzt wind- und wasserdichte Eigenschaften. Das Z\u00fcndger\u00e4t ist f\u00fcr eine schnelle Zieh-Z\u00fcndung ausgelegt. Das Produkt ist perfekt f\u00fcr jede Situation, in der das Licht schnell ben\u00f6tigt wird. Der ausziehbare Griff sorgt f\u00fcr einen guten Halt der Fackel.<\/p>\n\t\t<\/div>\n\t\t\t\t\n<style>\n#col-1834452680 > .col-inner {\n  padding: 0px 0px 0px 0;\n}\n@media (min-width:850px) {\n  #col-1834452680 > .col-inner {\n    padding: 0px 0px 0px 10%;\n  }\n}\n<\/style>\n\t<\/div>\n\n\t\n<\/div>\n\t\t<\/div>\n\n\t\t\n<style>\n#section_571484003 {\n  padding-top: 30px;\n  padding-bottom: 30px;\n}\n<\/style>\n\t<\/section>\n\t\n","protected":false},"excerpt":{"rendered":"<p>Die Elios ist eine Handfackelart der Aluminiumrohr, die beim Z\u00fcnden 10.000 Candela Licht erzeugt. Es ist im Wesentlichen die gleiche Fackel wie Elios 1, aber mit dem Unterschied, dass diese Fackel einen einziehbaren Griff hat. Was bedeutet; kleiner in der Gr\u00f6\u00dfe und sicherer im Gebrauch!<\/p>\n","protected":false},"featured_media":820,"comment_status":"open","ping_status":"closed","template":"","meta":[],"product_brand":[],"product_cat":[120],"product_tag":[],"class_list":{"0":"post-1116","1":"product","2":"type-product","3":"status-publish","4":"has-post-thumbnail","6":"product_cat-fackeln","7":"pa_color-gelb","8":"pa_color-grun","9":"pa_color-rot","10":"pa_color-weiss","12":"first","13":"instock","14":"taxable","15":"shipping-taxable","16":"purchasable","17":"product-type-variable"},"bundled_by":[],"bundle_stock_status":"instock","bundle_stock_quantity":null,"bundle_virtual":false,"bundle_layout":"","bundle_add_to_cart_form_location":"","bundle_editable_in_cart":false,"bundle_sold_individually_context":"","bundle_item_grouping":"","bundle_min_size":"","bundle_max_size":"","bundle_price":[],"bundled_items":[],"bundle_sell_ids":[],"jetpack_sharing_enabled":true,"_links":{"self":[{"href":"https:\/\/sayyestopyro.com\/de\/wp-json\/wp\/v2\/product\/1116","targetHints":{"allow":["GET"]}}],"collection":[{"href":"https:\/\/sayyestopyro.com\/de\/wp-json\/wp\/v2\/product"}],"about":[{"href":"https:\/\/sayyestopyro.com\/de\/wp-json\/wp\/v2\/types\/product"}],"replies":[{"embeddable":true,"href":"https:\/\/sayyestopyro.com\/de\/wp-json\/wp\/v2\/comments?post=1116"}],"wp:featuredmedia":[{"embeddable":true,"href":"https:\/\/sayyestopyro.com\/de\/wp-json\/wp\/v2\/media\/820"}],"wp:attachment":[{"href":"https:\/\/sayyestopyro.com\/de\/wp-json\/wp\/v2\/media?parent=1116"}],"wp:term":[{"taxonomy":"product_brand","embeddable":true,"href":"https:\/\/sayyestopyro.com\/de\/wp-json\/wp\/v2\/product_brand?post=1116"},{"taxonomy":"product_cat","embeddable":true,"href":"https:\/\/sayyestopyro.com\/de\/wp-json\/wp\/v2\/product_cat?post=1116"},{"taxonomy":"product_tag","embeddable":true,"href":"https:\/\/sayyestopyro.com\/de\/wp-json\/wp\/v2\/product_tag?post=1116"}],"curies":[{"name":"wp","href":"https:\/\/api.w.org\/{rel}","templated":true}]}}