{"id":15121,"date":"2025-03-05T11:10:23","date_gmt":"2025-03-05T10:10:23","guid":{"rendered":"https:\/\/sayyestopyro.com\/?post_type=product&#038;p=15121"},"modified":"2025-11-10T19:32:35","modified_gmt":"2025-11-10T18:32:35","slug":"vulkanische-distress","status":"publish","type":"product","link":"https:\/\/sayyestopyro.com\/de\/produkt\/vulkanische-distress\/","title":{"rendered":"Vulkanische Distress"},"content":{"rendered":"\n\t<section class=\"section dark\" id=\"section_502654888\">\n\t\t<div class=\"section-bg fill\" >\n\t\t\t<img loading=\"lazy\" decoding=\"async\" width=\"1707\" height=\"2560\" src=\"https:\/\/sayyestopyro.com\/wp-content\/uploads\/2022\/09\/Zdjecie-06.12.2020-14-40-13-scaled.jpg\" class=\"bg attachment- size-\" alt=\"\" \/>\t\t\t\t\t\t<div class=\"section-bg-overlay absolute fill\"><\/div>\n\t\t\t\n\n\t\t<\/div>\n\n\t\t\n\n\t\t<div class=\"section-content relative\">\n\t\t\t\n\t<div id=\"gap-1868726460\" class=\"gap-element clearfix\" style=\"display:block; height:auto;\">\n\t\t\n<style>\n#gap-1868726460 {\n  padding-top: 30px;\n}\n<\/style>\n\t<\/div>\n\t\n<div class=\"row align-center\"  id=\"row-992552977\">\n\n\t<div id=\"col-562508902\" class=\"col medium-9 small-12 large-7\"  >\n\t\t\t\t<div class=\"col-inner text-center\"  >\n\t\t\t\n\t\t\t\n\t<div id=\"text-3214392887\" class=\"text\">\n\t\t\n<h6>say yes to<\/h6>\n\t\t\n<style>\n#text-3214392887 {\n  line-height: 1;\n}\n<\/style>\n\t<\/div>\n\t\n\t<div id=\"text-1786868773\" class=\"text\">\n\t\t\n<h3>Vulkanische Distress<\/h3>\n\t\t\n<style>\n#text-1786868773 {\n  font-size: 2.75rem;\n  line-height: 1;\n}\n<\/style>\n\t<\/div>\n\t\n<p>Das ist der Raucherzeuger, den ihr unbedingt haben wollt. Er hei\u00dft &#8222;Vulcan Distress&#8220; und ist wirklich ein Smoke Vulcan. Ja. Es sieht vielleicht so aus, als w\u00e4re er teuer, aber Sie werden nicht entt\u00e4uscht sein.   Wenn ihr nach einem Rauch sucht, den ihr leicht mitbringen k\u00f6nnt: Dies ist nicht der richtige. Die Gr\u00f6\u00dfe des Produkts ist enorm, ebenso wie die Menge an Rauch, die produziert wird! 180 Sekunden des besten farbigen Rauches, den ihr jemals in eurem Leben sehen k\u00f6nnt.<\/p>\n<p>Dieses Produkt wird in Europa hergestellt (CE-Stempel). Dies bedeutet, dass dieses Produkt in jedem Land der EU legal zu besitzen und mitzunehmen ist. Es wird mit dem einfach zu bedienenden Z\u00fcndger\u00e4t hergestellt. Das Vulkansignal wird f\u00fcr den Einsatz am Boden produziert oder Sie k\u00f6nnen es nach der Z\u00fcndung werfen. F\u00fcr die Draufg\u00e4nger: Es ist m\u00f6glich, die obere Kappe auf die Unterseite zu setzen und sie als Sicherheitsgriff zu verwenden, damit ihr sie in der Hand halten k\u00f6nnt. Diese Art von Handsignal wird mit allen Spezifikationen erzeugt, die in den Bestimmungen des Internationales \u00dcbereinkommen von 1974 zum Schutz des menschlichen Lebens auf See (SOLAS) festgelegt sind. Bestimmung; es kann schwimmen. Das Z\u00fcndger\u00e4t ist so gebaut, dass es unter allen Umst\u00e4nden ausgel\u00f6st werden kann.<\/p>\n<p>&nbsp;<\/p>\n\t\t<\/div>\n\t\t\t\t\t<\/div>\n\n\t\n<\/div>\n\t\t<\/div>\n\n\t\t\n<style>\n#section_502654888 {\n  padding-top: 30px;\n  padding-bottom: 30px;\n  min-height: 600px;\n}\n#section_502654888 .section-bg-overlay {\n  background-color: rgba(51, 45, 45, 0.75);\n}\n@media (min-width:850px) {\n  #section_502654888 {\n    min-height: 900px;\n  }\n}\n<\/style>\n\t<\/section>\n\t\n","protected":false},"excerpt":{"rendered":"<p><br data-mce-bogus=\"1\"><\/p>\n","protected":false},"featured_media":15118,"comment_status":"open","ping_status":"closed","template":"","meta":[],"product_brand":[],"product_cat":[121],"product_tag":[],"class_list":{"0":"post-15121","1":"product","2":"type-product","3":"status-publish","4":"has-post-thumbnail","6":"product_cat-rauch","7":"pa_color-orange-de","9":"first","10":"instock","11":"taxable","12":"shipping-taxable","13":"purchasable","14":"product-type-variable","15":"has-default-attributes"},"bundled_by":[],"bundle_stock_status":"instock","bundle_stock_quantity":null,"bundle_virtual":false,"bundle_layout":"","bundle_add_to_cart_form_location":"","bundle_editable_in_cart":false,"bundle_sold_individually_context":"","bundle_item_grouping":"","bundle_min_size":"","bundle_max_size":"","bundle_price":[],"bundled_items":[],"bundle_sell_ids":[],"jetpack_sharing_enabled":true,"_links":{"self":[{"href":"https:\/\/sayyestopyro.com\/de\/wp-json\/wp\/v2\/product\/15121","targetHints":{"allow":["GET"]}}],"collection":[{"href":"https:\/\/sayyestopyro.com\/de\/wp-json\/wp\/v2\/product"}],"about":[{"href":"https:\/\/sayyestopyro.com\/de\/wp-json\/wp\/v2\/types\/product"}],"replies":[{"embeddable":true,"href":"https:\/\/sayyestopyro.com\/de\/wp-json\/wp\/v2\/comments?post=15121"}],"wp:featuredmedia":[{"embeddable":true,"href":"https:\/\/sayyestopyro.com\/de\/wp-json\/wp\/v2\/media\/15118"}],"wp:attachment":[{"href":"https:\/\/sayyestopyro.com\/de\/wp-json\/wp\/v2\/media?parent=15121"}],"wp:term":[{"taxonomy":"product_brand","embeddable":true,"href":"https:\/\/sayyestopyro.com\/de\/wp-json\/wp\/v2\/product_brand?post=15121"},{"taxonomy":"product_cat","embeddable":true,"href":"https:\/\/sayyestopyro.com\/de\/wp-json\/wp\/v2\/product_cat?post=15121"},{"taxonomy":"product_tag","embeddable":true,"href":"https:\/\/sayyestopyro.com\/de\/wp-json\/wp\/v2\/product_tag?post=15121"}],"curies":[{"name":"wp","href":"https:\/\/api.w.org\/{rel}","templated":true}]}}